{"id":1032,"date":"2026-03-18T17:23:26","date_gmt":"2026-03-18T21:23:26","guid":{"rendered":"https:\/\/festjuv.com.br\/2026\/?page_id=1032"},"modified":"2026-03-19T10:07:41","modified_gmt":"2026-03-19T14:07:41","slug":"apresentadores","status":"publish","type":"page","link":"https:\/\/festjuv.com.br\/2026\/apresentadores\/","title":{"rendered":"Apresentadores"},"content":{"rendered":"<div class=\"wpb-content-wrapper\"><p>[vc_row full_width=&#8221;stretch_row&#8221; gap=&#8221;10&#8243; content_placement=&#8221;middle&#8221; css=&#8221;.vc_custom_1773871614136{background-image: url(https:\/\/festjuv.com.br\/2026\/wp-content\/uploads\/2026\/03\/festjuv26-bg-pincelada-amarela-v2.webp?id=737) !important;background-position: center !important;background-repeat: no-repeat !important;background-size: cover !important;}&#8221;][vc_column][vc_single_image image=&#8221;1050&#8243; img_size=&#8221;full&#8221; alignment=&#8221;center&#8221; css=&#8221;&#8221;][\/vc_column][\/vc_row][vc_row full_width=&#8221;stretch_row&#8221; gap=&#8221;10&#8243; content_placement=&#8221;middle&#8221; el_id=&#8221;giulia&#8221; css=&#8221;.vc_custom_1773873922390{margin-bottom: 35px !important;}&#8221;][vc_column width=&#8221;1\/2&#8243;][vc_single_image image=&#8221;1033&#8243; img_size=&#8221;full&#8221; alignment=&#8221;center&#8221; css=&#8221;.vc_custom_1773873897237{margin-bottom: 0px !important;}&#8221;][\/vc_column][vc_column width=&#8221;1\/2&#8243;][vc_column_text css=&#8221;.vc_custom_1773873900933{margin-bottom: 0px !important;}&#8221;]<\/p>\n<h3>Giulia Schr\u00f6der (MS)<\/h3>\n<p>\u00c9 uma artista encapoeirada que trabalha como educadora, pesquisadora e produtora cultural, atuando ativamente pela promo\u00e7\u00e3o e defesa dos direitos humanos, com foco na inf\u00e2ncia e juventude.[\/vc_column_text][\/vc_column][\/vc_row][vc_row full_width=&#8221;stretch_row&#8221; gap=&#8221;10&#8243; content_placement=&#8221;middle&#8221;][vc_column css=&#8221;.vc_custom_1773519355613{margin: 0px !important;padding: 0px !important;border: 0px initial !important;}&#8221;][vc_zigzag color=&#8221;peacoc&#8221; el_border_width=&#8221;10&#8243; css=&#8221;.vc_custom_1773867168210{margin-bottom: 35px !important;}&#8221;][\/vc_column][\/vc_row][vc_row full_width=&#8221;stretch_row&#8221; gap=&#8221;10&#8243; content_placement=&#8221;middle&#8221; el_id=&#8221;marcelo&#8221;][vc_column width=&#8221;1\/2&#8243;][vc_single_image image=&#8221;1034&#8243; img_size=&#8221;full&#8221; alignment=&#8221;center&#8221; css=&#8221;&#8221;][\/vc_column][vc_column width=&#8221;1\/2&#8243;][vc_column_text css=&#8221;&#8221;]<\/p>\n<h3>Marcelo Henrique (MS)<\/h3>\n<p>Ator, m\u00fasico e cineasta. Acad\u00eamico de Cinema e Audiovisual da UFMS, atua no audiovisual e nas artes c\u00eanicas, com experi\u00eancia em produ\u00e7\u00e3o, dire\u00e7\u00e3o, assist\u00eancia de dire\u00e7\u00e3o e dire\u00e7\u00e3o de arte.[\/vc_column_text][\/vc_column][\/vc_row][vc_row full_width=&#8221;stretch_row&#8221; gap=&#8221;10&#8243; content_placement=&#8221;middle&#8221;][vc_column css=&#8221;.vc_custom_1773519355613{margin: 0px !important;padding: 0px !important;border: 0px initial !important;}&#8221;][vc_zigzag color=&#8221;peacoc&#8221; el_border_width=&#8221;10&#8243; css=&#8221;.vc_custom_1773867436522{margin-bottom: 35px !important;}&#8221;][\/vc_column][\/vc_row][vc_row full_width=&#8221;stretch_row&#8221; gap=&#8221;10&#8243; content_placement=&#8221;middle&#8221; el_id=&#8221;marta&#8221;][vc_column width=&#8221;1\/2&#8243;][vc_single_image image=&#8221;1084&#8243; img_size=&#8221;full&#8221; alignment=&#8221;center&#8221; css=&#8221;&#8221;][\/vc_column][vc_column width=&#8221;1\/2&#8243;][vc_column_text css=&#8221;&#8221;]<\/p>\n<h3>Marta Cel (MS)<\/h3>\n<p>Multiartista, cantora e atriz. Seu trabalho est\u00e1 centrado na valoriza\u00e7\u00e3o da cultura afro-brasileira, unido arte, comunica\u00e7\u00e3o e representatividade. \u00c9 membro do Instituto Curumins.[\/vc_column_text][\/vc_column][\/vc_row][vc_row full_width=&#8221;stretch_row&#8221; gap=&#8221;10&#8243; content_placement=&#8221;middle&#8221;][vc_column css=&#8221;.vc_custom_1773519355613{margin: 0px !important;padding: 0px !important;border: 0px initial !important;}&#8221;][vc_zigzag color=&#8221;peacoc&#8221; el_border_width=&#8221;10&#8243; css=&#8221;.vc_custom_1773869740871{margin-bottom: 35px !important;}&#8221;][\/vc_column][\/vc_row][vc_row full_width=&#8221;stretch_row&#8221; gap=&#8221;10&#8243; content_placement=&#8221;middle&#8221; el_id=&#8221;persefone&#8221;][vc_column width=&#8221;1\/2&#8243;][vc_single_image image=&#8221;1035&#8243; img_size=&#8221;full&#8221; alignment=&#8221;center&#8221; css=&#8221;&#8221;][\/vc_column][vc_column width=&#8221;1\/2&#8243;][vc_column_text css=&#8221;&#8221;]<\/p>\n<h3>Pers\u00e9fone MC (MS)<\/h3>\n<p>Come\u00e7ou sua jornada art\u00edstica aos 16 anos. Segue como poetisa, rapper, MC e compositora. Participa do coletivo de hip hop Suburbanas Crew e do coletivo de poesia Slam Cam\u00e9lias.[\/vc_column_text][\/vc_column][\/vc_row]<\/p>\n<\/div>","protected":false},"excerpt":{"rendered":"<p>[vc_row full_width=&#8221;stretch_row&#8221; gap=&#8221;10&#8243; content_placement=&#8221;middle&#8221; css=&#8221;.vc_custom_1773871614136{background-image: url(https:\/\/festjuv.com.br\/2026\/wp-content\/uploads\/2026\/03\/festjuv26-bg-pincelada-amarela-v2.webp?id=737) !important;background-position: center !important;background-repeat: no-repeat !important;background-size: cover !important;}&#8221;][vc_column][vc_single_image image=&#8221;1050&#8243; img_size=&#8221;full&#8221; alignment=&#8221;center&#8221; css=&#8221;&#8221;][\/vc_column][\/vc_row][vc_row full_width=&#8221;stretch_row&#8221; gap=&#8221;10&#8243; content_placement=&#8221;middle&#8221; [&hellip;]<\/p>\n","protected":false},"author":1,"featured_media":121,"parent":0,"menu_order":0,"comment_status":"closed","ping_status":"closed","template":"","meta":{"site-sidebar-layout":"no-sidebar","site-content-layout":"plain-container","ast-site-content-layout":"default","site-content-style":"default","site-sidebar-style":"default","ast-global-header-display":"","ast-banner-title-visibility":"","ast-main-header-display":"","ast-hfb-above-header-display":"","ast-hfb-below-header-display":"","ast-hfb-mobile-header-display":"","site-post-title":"disabled","ast-breadcrumbs-content":"","ast-featured-img":"disabled","footer-sml-layout":"","ast-disable-related-posts":"","theme-transparent-header-meta":"default","adv-header-id-meta":"","stick-header-meta":"","header-above-stick-meta":"","header-main-stick-meta":"","header-below-stick-meta":"","astra-migrate-meta-layouts":"set","ast-page-background-enabled":"default","ast-page-background-meta":{"desktop":{"background-color":"var(--ast-global-color-5)","background-image":"","background-repeat":"repeat","background-position":"center center","background-size":"auto","background-attachment":"scroll","background-type":"","background-media":"","overlay-type":"","overlay-color":"","overlay-opacity":"","overlay-gradient":""},"tablet":{"background-color":"","background-image":"","background-repeat":"repeat","background-position":"center center","background-size":"auto","background-attachment":"scroll","background-type":"","background-media":"","overlay-type":"","overlay-color":"","overlay-opacity":"","overlay-gradient":""},"mobile":{"background-color":"","background-image":"","background-repeat":"repeat","background-position":"center center","background-size":"auto","background-attachment":"scroll","background-type":"","background-media":"","overlay-type":"","overlay-color":"","overlay-opacity":"","overlay-gradient":""}},"ast-content-background-meta":{"desktop":{"background-color":"var(--ast-global-color-4)","background-image":"","background-repeat":"repeat","background-position":"center center","background-size":"auto","background-attachment":"scroll","background-type":"","background-media":"","overlay-type":"","overlay-color":"","overlay-opacity":"","overlay-gradient":""},"tablet":{"background-color":"var(--ast-global-color-4)","background-image":"","background-repeat":"repeat","background-position":"center center","background-size":"auto","background-attachment":"scroll","background-type":"","background-media":"","overlay-type":"","overlay-color":"","overlay-opacity":"","overlay-gradient":""},"mobile":{"background-color":"var(--ast-global-color-4)","background-image":"","background-repeat":"repeat","background-position":"center center","background-size":"auto","background-attachment":"scroll","background-type":"","background-media":"","overlay-type":"","overlay-color":"","overlay-opacity":"","overlay-gradient":""}},"footnotes":""},"class_list":["post-1032","page","type-page","status-publish","has-post-thumbnail","hentry"],"yoast_head":"<!-- This site is optimized with the Yoast SEO plugin v27.4 - https:\/\/yoast.com\/product\/yoast-seo-wordpress\/ -->\n<title>Apresentadores &#8226; Festival da Juventude 2026<\/title>\n<meta name=\"description\" content=\"Conhe\u00e7a as apresentadoras e o apresentador das atividades da edi\u00e7\u00e3o 2026 do Festival da Juventude (FestJuv) de MS\" \/>\n<meta name=\"robots\" content=\"index, follow, max-snippet:-1, max-image-preview:large, max-video-preview:-1\" \/>\n<link rel=\"canonical\" href=\"https:\/\/festjuv.com.br\/2026\/apresentadores\/\" \/>\n<meta property=\"og:locale\" content=\"pt_BR\" \/>\n<meta property=\"og:type\" content=\"article\" \/>\n<meta property=\"og:title\" content=\"Apresentadores &#8226; Festival da Juventude 2026\" \/>\n<meta property=\"og:description\" content=\"Conhe\u00e7a as apresentadoras e o apresentador das atividades da edi\u00e7\u00e3o 2026 do Festival da Juventude (FestJuv) de MS\" \/>\n<meta property=\"og:url\" content=\"https:\/\/festjuv.com.br\/2026\/apresentadores\/\" \/>\n<meta property=\"og:site_name\" content=\"Festival da Juventude 2026\" \/>\n<meta property=\"article:modified_time\" content=\"2026-03-19T14:07:41+00:00\" \/>\n<meta property=\"og:image\" content=\"https:\/\/festjuv.com.br\/2026\/wp-content\/uploads\/2026\/02\/festjuv26-img-destaque-v1.png\" \/>\n\t<meta property=\"og:image:width\" content=\"1280\" \/>\n\t<meta property=\"og:image:height\" content=\"853\" \/>\n\t<meta property=\"og:image:type\" content=\"image\/png\" \/>\n<meta name=\"twitter:card\" content=\"summary_large_image\" \/>\n<script type=\"application\/ld+json\" class=\"yoast-schema-graph\">{\"@context\":\"https:\\\/\\\/schema.org\",\"@graph\":[{\"@type\":\"WebPage\",\"@id\":\"https:\\\/\\\/festjuv.com.br\\\/2026\\\/apresentadores\\\/\",\"url\":\"https:\\\/\\\/festjuv.com.br\\\/2026\\\/apresentadores\\\/\",\"name\":\"Apresentadores &#8226; Festival da Juventude 2026\",\"isPartOf\":{\"@id\":\"https:\\\/\\\/festjuv.com.br\\\/2026\\\/#website\"},\"primaryImageOfPage\":{\"@id\":\"https:\\\/\\\/festjuv.com.br\\\/2026\\\/apresentadores\\\/#primaryimage\"},\"image\":{\"@id\":\"https:\\\/\\\/festjuv.com.br\\\/2026\\\/apresentadores\\\/#primaryimage\"},\"thumbnailUrl\":\"https:\\\/\\\/festjuv.com.br\\\/2026\\\/wp-content\\\/uploads\\\/2026\\\/02\\\/festjuv26-img-destaque-v1.png\",\"datePublished\":\"2026-03-18T21:23:26+00:00\",\"dateModified\":\"2026-03-19T14:07:41+00:00\",\"description\":\"Conhe\u00e7a as apresentadoras e o apresentador das atividades da edi\u00e7\u00e3o 2026 do Festival da Juventude (FestJuv) de MS\",\"breadcrumb\":{\"@id\":\"https:\\\/\\\/festjuv.com.br\\\/2026\\\/apresentadores\\\/#breadcrumb\"},\"inLanguage\":\"pt-BR\",\"potentialAction\":[{\"@type\":\"ReadAction\",\"target\":[\"https:\\\/\\\/festjuv.com.br\\\/2026\\\/apresentadores\\\/\"]}]},{\"@type\":\"ImageObject\",\"inLanguage\":\"pt-BR\",\"@id\":\"https:\\\/\\\/festjuv.com.br\\\/2026\\\/apresentadores\\\/#primaryimage\",\"url\":\"https:\\\/\\\/festjuv.com.br\\\/2026\\\/wp-content\\\/uploads\\\/2026\\\/02\\\/festjuv26-img-destaque-v1.png\",\"contentUrl\":\"https:\\\/\\\/festjuv.com.br\\\/2026\\\/wp-content\\\/uploads\\\/2026\\\/02\\\/festjuv26-img-destaque-v1.png\",\"width\":1280,\"height\":853,\"caption\":\"FestJuv 2026\"},{\"@type\":\"BreadcrumbList\",\"@id\":\"https:\\\/\\\/festjuv.com.br\\\/2026\\\/apresentadores\\\/#breadcrumb\",\"itemListElement\":[{\"@type\":\"ListItem\",\"position\":1,\"name\":\"In\u00edcio\",\"item\":\"https:\\\/\\\/festjuv.com.br\\\/2026\\\/\"},{\"@type\":\"ListItem\",\"position\":2,\"name\":\"Apresentadores\"}]},{\"@type\":\"WebSite\",\"@id\":\"https:\\\/\\\/festjuv.com.br\\\/2026\\\/#website\",\"url\":\"https:\\\/\\\/festjuv.com.br\\\/2026\\\/\",\"name\":\"Festival da Juventude 2026\",\"description\":\"Literatura, Livro e Leitura\",\"publisher\":{\"@id\":\"https:\\\/\\\/festjuv.com.br\\\/2026\\\/#organization\"},\"alternateName\":\"FestJuv 2026\",\"potentialAction\":[{\"@type\":\"SearchAction\",\"target\":{\"@type\":\"EntryPoint\",\"urlTemplate\":\"https:\\\/\\\/festjuv.com.br\\\/2026\\\/?s={search_term_string}\"},\"query-input\":{\"@type\":\"PropertyValueSpecification\",\"valueRequired\":true,\"valueName\":\"search_term_string\"}}],\"inLanguage\":\"pt-BR\"},{\"@type\":\"Organization\",\"@id\":\"https:\\\/\\\/festjuv.com.br\\\/2026\\\/#organization\",\"name\":\"Festival da Juventude 2026\",\"alternateName\":\"FestJuv 2026\",\"url\":\"https:\\\/\\\/festjuv.com.br\\\/2026\\\/\",\"logo\":{\"@type\":\"ImageObject\",\"inLanguage\":\"pt-BR\",\"@id\":\"https:\\\/\\\/festjuv.com.br\\\/2026\\\/#\\\/schema\\\/logo\\\/image\\\/\",\"url\":\"https:\\\/\\\/festjuv.com.br\\\/2026\\\/wp-content\\\/uploads\\\/2026\\\/02\\\/festjuv26-img-destaque-v1.png\",\"contentUrl\":\"https:\\\/\\\/festjuv.com.br\\\/2026\\\/wp-content\\\/uploads\\\/2026\\\/02\\\/festjuv26-img-destaque-v1.png\",\"width\":1280,\"height\":853,\"caption\":\"Festival da Juventude 2026\"},\"image\":{\"@id\":\"https:\\\/\\\/festjuv.com.br\\\/2026\\\/#\\\/schema\\\/logo\\\/image\\\/\"}}]}<\/script>\n<!-- \/ Yoast SEO plugin. -->","yoast_head_json":{"title":"Apresentadores &#8226; Festival da Juventude 2026","description":"Conhe\u00e7a as apresentadoras e o apresentador das atividades da edi\u00e7\u00e3o 2026 do Festival da Juventude (FestJuv) de MS","robots":{"index":"index","follow":"follow","max-snippet":"max-snippet:-1","max-image-preview":"max-image-preview:large","max-video-preview":"max-video-preview:-1"},"canonical":"https:\/\/festjuv.com.br\/2026\/apresentadores\/","og_locale":"pt_BR","og_type":"article","og_title":"Apresentadores &#8226; Festival da Juventude 2026","og_description":"Conhe\u00e7a as apresentadoras e o apresentador das atividades da edi\u00e7\u00e3o 2026 do Festival da Juventude (FestJuv) de MS","og_url":"https:\/\/festjuv.com.br\/2026\/apresentadores\/","og_site_name":"Festival da Juventude 2026","article_modified_time":"2026-03-19T14:07:41+00:00","og_image":[{"width":1280,"height":853,"url":"https:\/\/festjuv.com.br\/2026\/wp-content\/uploads\/2026\/02\/festjuv26-img-destaque-v1.png","type":"image\/png"}],"twitter_card":"summary_large_image","schema":{"@context":"https:\/\/schema.org","@graph":[{"@type":"WebPage","@id":"https:\/\/festjuv.com.br\/2026\/apresentadores\/","url":"https:\/\/festjuv.com.br\/2026\/apresentadores\/","name":"Apresentadores &#8226; Festival da Juventude 2026","isPartOf":{"@id":"https:\/\/festjuv.com.br\/2026\/#website"},"primaryImageOfPage":{"@id":"https:\/\/festjuv.com.br\/2026\/apresentadores\/#primaryimage"},"image":{"@id":"https:\/\/festjuv.com.br\/2026\/apresentadores\/#primaryimage"},"thumbnailUrl":"https:\/\/festjuv.com.br\/2026\/wp-content\/uploads\/2026\/02\/festjuv26-img-destaque-v1.png","datePublished":"2026-03-18T21:23:26+00:00","dateModified":"2026-03-19T14:07:41+00:00","description":"Conhe\u00e7a as apresentadoras e o apresentador das atividades da edi\u00e7\u00e3o 2026 do Festival da Juventude (FestJuv) de MS","breadcrumb":{"@id":"https:\/\/festjuv.com.br\/2026\/apresentadores\/#breadcrumb"},"inLanguage":"pt-BR","potentialAction":[{"@type":"ReadAction","target":["https:\/\/festjuv.com.br\/2026\/apresentadores\/"]}]},{"@type":"ImageObject","inLanguage":"pt-BR","@id":"https:\/\/festjuv.com.br\/2026\/apresentadores\/#primaryimage","url":"https:\/\/festjuv.com.br\/2026\/wp-content\/uploads\/2026\/02\/festjuv26-img-destaque-v1.png","contentUrl":"https:\/\/festjuv.com.br\/2026\/wp-content\/uploads\/2026\/02\/festjuv26-img-destaque-v1.png","width":1280,"height":853,"caption":"FestJuv 2026"},{"@type":"BreadcrumbList","@id":"https:\/\/festjuv.com.br\/2026\/apresentadores\/#breadcrumb","itemListElement":[{"@type":"ListItem","position":1,"name":"In\u00edcio","item":"https:\/\/festjuv.com.br\/2026\/"},{"@type":"ListItem","position":2,"name":"Apresentadores"}]},{"@type":"WebSite","@id":"https:\/\/festjuv.com.br\/2026\/#website","url":"https:\/\/festjuv.com.br\/2026\/","name":"Festival da Juventude 2026","description":"Literatura, Livro e Leitura","publisher":{"@id":"https:\/\/festjuv.com.br\/2026\/#organization"},"alternateName":"FestJuv 2026","potentialAction":[{"@type":"SearchAction","target":{"@type":"EntryPoint","urlTemplate":"https:\/\/festjuv.com.br\/2026\/?s={search_term_string}"},"query-input":{"@type":"PropertyValueSpecification","valueRequired":true,"valueName":"search_term_string"}}],"inLanguage":"pt-BR"},{"@type":"Organization","@id":"https:\/\/festjuv.com.br\/2026\/#organization","name":"Festival da Juventude 2026","alternateName":"FestJuv 2026","url":"https:\/\/festjuv.com.br\/2026\/","logo":{"@type":"ImageObject","inLanguage":"pt-BR","@id":"https:\/\/festjuv.com.br\/2026\/#\/schema\/logo\/image\/","url":"https:\/\/festjuv.com.br\/2026\/wp-content\/uploads\/2026\/02\/festjuv26-img-destaque-v1.png","contentUrl":"https:\/\/festjuv.com.br\/2026\/wp-content\/uploads\/2026\/02\/festjuv26-img-destaque-v1.png","width":1280,"height":853,"caption":"Festival da Juventude 2026"},"image":{"@id":"https:\/\/festjuv.com.br\/2026\/#\/schema\/logo\/image\/"}}]}},"_links":{"self":[{"href":"https:\/\/festjuv.com.br\/2026\/wp-json\/wp\/v2\/pages\/1032","targetHints":{"allow":["GET"]}}],"collection":[{"href":"https:\/\/festjuv.com.br\/2026\/wp-json\/wp\/v2\/pages"}],"about":[{"href":"https:\/\/festjuv.com.br\/2026\/wp-json\/wp\/v2\/types\/page"}],"author":[{"embeddable":true,"href":"https:\/\/festjuv.com.br\/2026\/wp-json\/wp\/v2\/users\/1"}],"replies":[{"embeddable":true,"href":"https:\/\/festjuv.com.br\/2026\/wp-json\/wp\/v2\/comments?post=1032"}],"version-history":[{"count":22,"href":"https:\/\/festjuv.com.br\/2026\/wp-json\/wp\/v2\/pages\/1032\/revisions"}],"predecessor-version":[{"id":1085,"href":"https:\/\/festjuv.com.br\/2026\/wp-json\/wp\/v2\/pages\/1032\/revisions\/1085"}],"wp:featuredmedia":[{"embeddable":true,"href":"https:\/\/festjuv.com.br\/2026\/wp-json\/wp\/v2\/media\/121"}],"wp:attachment":[{"href":"https:\/\/festjuv.com.br\/2026\/wp-json\/wp\/v2\/media?parent=1032"}],"curies":[{"name":"wp","href":"https:\/\/api.w.org\/{rel}","templated":true}]}}