{"id":12,"date":"2026-02-05T22:47:49","date_gmt":"2026-02-06T02:47:49","guid":{"rendered":"https:\/\/festjuv.com.br\/2026\/?page_id=12"},"modified":"2026-03-25T20:23:15","modified_gmt":"2026-03-26T00:23:15","slug":"cronica-conto-e-poesia","status":"publish","type":"page","link":"https:\/\/festjuv.com.br\/2026\/concursos\/cronica-conto-e-poesia\/","title":{"rendered":"Cr\u00f4nica, Conto e Poesia"},"content":{"rendered":"<div class=\"wpb-content-wrapper\"><p>[vc_row full_width=&#8221;stretch_row&#8221; gap=&#8221;10&#8243; css=&#8221;.vc_custom_1770665471856{background-color: #ADCEE3 !important;}&#8221;][vc_column][vc_single_image image=&#8221;214&#8243; img_size=&#8221;full&#8221; alignment=&#8221;center&#8221; css=&#8221;&#8221;][\/vc_column][\/vc_row][vc_row full_width=&#8221;stretch_row&#8221; gap=&#8221;10&#8243;][vc_column][vc_column_text css=&#8221;&#8221;]<\/p>\n<h1 style=\"text-align: center;\">REGULAMENTO<\/h1>\n<p>[\/vc_column_text][vc_column_text css=&#8221;&#8221;]<\/p>\n<h2 style=\"text-align: center;\">CONCURSO LITER\u00c1RIO &#8211; CONTO, CR\u00d4NICA E POESIA<br \/>\nFESTIVAL DA JUVENTUDE 2026<\/h2>\n<p>[\/vc_column_text][vc_message style=&#8221;round&#8221; message_box_color=&#8221;pink&#8221; icon_fontawesome=&#8221;fa fa-solid fa-triangle-exclamation&#8221;]<\/p>\n<p style=\"text-align: center;\"><strong>ATEN\u00c7\u00c3O: A LISTA DOS SELECIONADOS <a href=\"https:\/\/festjuv.com.br\/2026\/conheca-os-selecionados-para-os-concursos-do-festjuv\/\">FOI PUBLICADA EM 25\/03 AQUI<\/a><\/strong><\/p>\n<p>[\/vc_message][\/vc_column][\/vc_row][vc_row gap=&#8221;10&#8243;][vc_column][vc_column_text css=&#8221;&#8221;]O Instituto Curumins (IC) e a Universidade Federal de Mato Grosso do Sul (UFMS), por meio da Comiss\u00e3o Organizadora do Festival da Juventude &#8211; Literatura, Livro e Leituras, que ser\u00e1 realizado na Cidade Universit\u00e1ria da UFMS, no per\u00edodo de 26 a 28 de mar\u00e7o de 2026, em Campo Grande\/MS, tornam p\u00fablico o presente Regulamento para o Concurso Liter\u00e1rio destinado a jovens de 15 a 24 anos, nas categorias Conto, Cr\u00f4nica e Poesia.<\/p>\n<p><strong>I. FAIXA ET\u00c1RIA<\/strong><\/p>\n<ul>\n<li>Jovens de 15 a 18 anos<\/li>\n<li>Jovens de 19 a 24 anos<\/li>\n<\/ul>\n<p><strong>II. CATEGORIAS LITER\u00c1RIAS<\/strong><\/p>\n<p>Os participantes podem concorrer com uma obra em uma ou mais das seguintes categorias:<\/p>\n<ul>\n<li>Conto<\/li>\n<li>Cr\u00f4nica<\/li>\n<li>Poesia<\/li>\n<\/ul>\n<p>Caso ocorram duas inscri\u00e7\u00f5es na mesma categoria, somente a primeira ser\u00e1 considerada.<\/p>\n<p><strong>III. PREMIA\u00c7\u00c3O<\/strong><\/p>\n<ul>\n<li>1\u00ba Lugar &#8211; Categoria Conto &#8211; 15 a 18 anos: R$ 2.500,00 (dois mil e quinhentos reais)<\/li>\n<li>1\u00ba Lugar &#8211; Categoria Cr\u00f4nica -15 a 18 anos: R$ 2.500,00 (dois mil e quinhentos reais)<\/li>\n<li>1\u00ba Lugar &#8211; Categoria Poesia -15 a 18 anos: R$ 2.500,00 (dois mil e quinhentos reais)<\/li>\n<li>1\u00ba Lugar &#8211; Categoria Conto &#8211; 19 a 24 anos: R$ 2.500,00 (dois mil e quinhentos reais)<\/li>\n<li>1\u00ba Lugar &#8211; Categoria Cr\u00f4nica &#8211; 19 a 24 anos: R$ 2.500,00 (dois mil e quinhentos reais)<\/li>\n<li>1\u00ba Lugar &#8211; Categoria Poesia &#8211; 19 a 24 anos: R$ 2.500,00 (dois mil e quinhentos reais)<\/li>\n<li>1\u00ba ao 3\u00ba Lugar &#8211; Nas duas faixas et\u00e1rias de cada categoria: publica\u00e7\u00e3o das obras no livro.<\/li>\n<\/ul>\n<p><strong>IV. INSCRI\u00c7\u00d5ES<\/strong><\/p>\n<p>As inscri\u00e7\u00f5es s\u00e3o gratuitas e devem ser efetuadas exclusivamente no site oficial do Festival da Juventude &#8211; www.festjuv.com.br &#8211; no per\u00edodo de 9 de fevereiro a 15 de mar\u00e7o de 2026.<\/p>\n<p>O participante, ao preencher a ficha de inscri\u00e7\u00e3o com o seu nome, deve indicar ao lado dele e entre par\u00eanteses seu pseud\u00f4nimo. O pseud\u00f4nimo deve aparecer tamb\u00e9m abaixo do t\u00edtulo do texto\/obra a ser apresentado na inscri\u00e7\u00e3o, substituindo o seu nome.<\/p>\n<p><strong>V. TEMAS<\/strong><\/p>\n<p>Os participantes t\u00eam liberdade para escolher seus temas, desde que observem as normas \u00e9ticas, evitando discrimina\u00e7\u00e3o e pl\u00e1gio.<\/p>\n<p>O texto das categorias Cr\u00f4nica e Poesia possuir\u00e1, no m\u00e1ximo, duas p\u00e1ginas, em tamanho A4, em fonte Times New Roman, tamanho 12 e espa\u00e7amento 1.5.<\/p>\n<p>O texto da categoria Conto possuir\u00e1, no m\u00e1ximo, quatro p\u00e1ginas, em tamanho A4, em fonte Times New Roman, tamanho 12 e espa\u00e7amento 1.5.<\/p>\n<p><strong>VI. PRAZOS<\/strong><\/p>\n<ul>\n<li>In\u00edcio das inscri\u00e7\u00f5es: 9 de fevereiro de 2026<\/li>\n<li>T\u00e9rmino das inscri\u00e7\u00f5es: 15 de mar\u00e7o de 2026<\/li>\n<li>Resultado: at\u00e9 28 de mar\u00e7o de 2026<\/li>\n<\/ul>\n<p><strong>VII. DIREITOS AUTORAIS<\/strong><\/p>\n<p>Para ampla publicidade do concurso, os classificados autorizam automaticamente a publica\u00e7\u00e3o, reprodu\u00e7\u00e3o e divulga\u00e7\u00e3o das obras liter\u00e1rias na m\u00eddia eletr\u00f4nica e\/ou impressa, de modo n\u00e3o oneroso, sempre prosseguido dos devidos cr\u00e9ditos.<\/p>\n<p><strong>VIII. J\u00daRI<\/strong><\/p>\n<p>Um j\u00fari composto por profissionais do campo liter\u00e1rio avaliar\u00e1 os trabalhos com base na criatividade, originalidade e linguagem.<\/p>\n<p>Ap\u00f3s a finaliza\u00e7\u00e3o, ser\u00e3o revelados os jurados nas redes sociais do Festival.<\/p>\n<p>As decis\u00f5es da Comiss\u00e3o de J\u00fari ser\u00e3o irrecorr\u00edveis.<\/p>\n<p><strong>IX. ENTREGA DOS PR\u00caMIOS<\/strong><\/p>\n<p>A cerim\u00f4nia de premia\u00e7\u00e3o ocorrer\u00e1 durante o Festival da Juventude &#8211; Literatura, Livro e Leituras, no campus da UFMS, em Campo Grande, no dia 28 de mar\u00e7o de 2026.<\/p>\n<p>A inscri\u00e7\u00e3o no concurso implica na total aceita\u00e7\u00e3o de todos os termos do presente Regulamento.<\/p>\n<p>As quest\u00f5es n\u00e3o previstas neste documento ser\u00e3o resolvidas de forma democr\u00e1tica pela Comiss\u00e3o Organizadora.<\/p>\n<p>Contato e informa\u00e7\u00f5es adicionais: inscricaofestjuvms@gmail.com<\/p>\n<p><em><strong>Participe, celebre a literatura e fa\u00e7a parte deste movimento cultural!<\/strong><\/em><\/p>\n<p>Festival da Juventude &#8211; Literatura, Livro e Leituras<br \/>\nInstituto Curumins e Universidade Federal de Mato Grosso do Sul.<\/p>\n<p>Campo Grande, 7 de fevereiro de 2026.<\/p>\n<p>Anamaria Santana da Silva<br \/>\nPresidente Instituto Curumins[\/vc_column_text][\/vc_column][\/vc_row][vc_row full_width=&#8221;stretch_row&#8221; gap=&#8221;10&#8243; content_placement=&#8221;middle&#8221; css=&#8221;.vc_custom_1770665441719{padding-top: 20px !important;padding-bottom: 35px !important;background-color: #D3E4F0 !important;}&#8221;][vc_column width=&#8221;1\/2&#8243;][vc_column_text css=&#8221;.vc_custom_1770669310023{margin-bottom: 10px !important;}&#8221;]<\/p>\n<h3 style=\"text-align: center;\">Baixe o Termo de Autoriza\u00e7\u00e3o de Participa\u00e7\u00e3o<\/h3>\n<p style=\"text-align: center;\"><strong>Aten\u00e7\u00e3o:<\/strong> voc\u00ea vai precisar fazer o upload desse termo devidamente preenchido e assinado na hora da inscri\u00e7\u00e3o<\/p>\n<p>[\/vc_column_text][\/vc_column][vc_column width=&#8221;1\/2&#8243;][vc_btn title=&#8221;Clique Aqui &#8211; Menor de Idade&#8221; style=&#8221;classic&#8221; shape=&#8221;round&#8221; color=&#8221;blue&#8221; size=&#8221;lg&#8221; align=&#8221;center&#8221; i_icon_fontawesome=&#8221;fa fa-solid fa-file-lines&#8221; css=&#8221;&#8221; add_icon=&#8221;true&#8221; link=&#8221;url:https%3A%2F%2Ffestjuv.com.br%2F2026%2Fwp-content%2Fuploads%2F2026%2F02%2FTermo-de-Autorizacao-de-Participacao-Menor-de-Idade.doc|title:Clique%20Aqui%20-%20Menor%20de%20Idade|target:_blank&#8221;][vc_btn title=&#8221;Clique Aqui &#8211; Adulto&#8221; style=&#8221;classic&#8221; shape=&#8221;round&#8221; color=&#8221;blue&#8221; size=&#8221;lg&#8221; align=&#8221;center&#8221; i_icon_fontawesome=&#8221;fa fa-solid fa-file-lines&#8221; css=&#8221;&#8221; add_icon=&#8221;true&#8221; link=&#8221;url:https%3A%2F%2Ffestjuv.com.br%2F2026%2Fwp-content%2Fuploads%2F2026%2F02%2FTermo-de-Autorizacao-de-Participacao-Adulto.doc|title:Clique%20Aqui%20-%20Adulto|target:_blank&#8221;][\/vc_column][\/vc_row][vc_row full_width=&#8221;stretch_row&#8221; gap=&#8221;10&#8243; content_placement=&#8221;middle&#8221; css=&#8221;.vc_custom_1773696102077{padding-top: 20px !important;padding-bottom: 35px !important;background-color: #ADCEE3 !important;}&#8221;][vc_column][vc_column_text css=&#8221;.vc_custom_1773696054101{margin-bottom: 10px !important;}&#8221;]<\/p>\n<h3 style=\"text-align: center;\">Fa\u00e7a a sua inscri\u00e7\u00e3o!<\/h3>\n<p>[\/vc_column_text][vc_btn title=&#8221;INSCRI\u00c7\u00d5ES ENCERRADAS EM 15\/03&#8243; style=&#8221;classic&#8221; shape=&#8221;round&#8221; color=&#8221;blue&#8221; size=&#8221;lg&#8221; align=&#8221;center&#8221; i_icon_fontawesome=&#8221;fa fa-solid fa-triangle-exclamation&#8221; css=&#8221;&#8221; add_icon=&#8221;true&#8221; link=&#8221;title:INSCRI%C3%87%C3%95ES%20ENCERRADAS%20EM%2015%2F03&#8243;][\/vc_column][\/vc_row][vc_row full_width=&#8221;stretch_row&#8221; gap=&#8221;10&#8243; content_placement=&#8221;middle&#8221; disable_element=&#8221;yes&#8221; css=&#8221;.vc_custom_1773695850573{padding-bottom: 35px !important;background-color: #ADCEE3 !important;}&#8221;][vc_column width=&#8221;1\/3&#8243;][vc_btn title=&#8221;CONTO 15 A 18 ANOS&#8221; style=&#8221;classic&#8221; shape=&#8221;round&#8221; color=&#8221;blue&#8221; size=&#8221;lg&#8221; align=&#8221;center&#8221; i_icon_fontawesome=&#8221;fa fa-solid fa-file-lines&#8221; css=&#8221;&#8221; add_icon=&#8221;true&#8221; link=&#8221;url:https%3A%2F%2Fdocs.google.com%2Fforms%2Fd%2Fe%2F1FAIpQLSeH2wuaP0sNcYpRzoSoDy2yaexB3MyccRdXXg1b98lFEOkcog%2Fviewform%3Fusp%3Ddialog|title:CONTO%2015%20A%2018%20ANOS|target:_blank&#8221;][vc_btn title=&#8221;CONTO 19 A 24 ANOS&#8221; style=&#8221;classic&#8221; shape=&#8221;round&#8221; color=&#8221;blue&#8221; size=&#8221;lg&#8221; align=&#8221;center&#8221; i_icon_fontawesome=&#8221;fa fa-solid fa-file-lines&#8221; css=&#8221;&#8221; add_icon=&#8221;true&#8221; link=&#8221;url:https%3A%2F%2Fdocs.google.com%2Fforms%2Fd%2Fe%2F1FAIpQLSc8SCFymvh0OBbZJLrWAIf2aPV7T6hBQtzvr0ExstWxdi6EoQ%2Fviewform%3Fusp%3Ddialog|title:CONTO%2019%20A%2024%20ANOS|target:_blank&#8221;][\/vc_column][vc_column width=&#8221;1\/3&#8243;][vc_btn title=&#8221;CR\u00d4NICA 15 A 18 ANOS&#8221; style=&#8221;classic&#8221; shape=&#8221;round&#8221; color=&#8221;blue&#8221; size=&#8221;lg&#8221; align=&#8221;center&#8221; i_icon_fontawesome=&#8221;fa fa-solid fa-file-lines&#8221; css=&#8221;&#8221; add_icon=&#8221;true&#8221; link=&#8221;url:https%3A%2F%2Fdocs.google.com%2Fforms%2Fd%2Fe%2F1FAIpQLSfyewrN35SkwLsUxuOBTUzOCT1tU6WB18Im_KWycYCDVocdog%2Fviewform%3Fusp%3Ddialog|title:CR%C3%94NICA%2015%20A%2018%20ANOS|target:_blank&#8221;][vc_btn title=&#8221;CR\u00d4NICA 19 A 24 ANOS&#8221; style=&#8221;classic&#8221; shape=&#8221;round&#8221; color=&#8221;blue&#8221; size=&#8221;lg&#8221; align=&#8221;center&#8221; i_icon_fontawesome=&#8221;fa fa-solid fa-file-lines&#8221; css=&#8221;&#8221; add_icon=&#8221;true&#8221; link=&#8221;url:https%3A%2F%2Fdocs.google.com%2Fforms%2Fd%2Fe%2F1FAIpQLSe-_y8x3L6L6nLO7PYfqzkV22b_3dKAdCCqbOBlqSueQqsaDQ%2Fviewform%3Fusp%3Ddialog|title:CR%C3%94NICA%2019%20A%2024%20ANOS|target:_blank&#8221;][\/vc_column][vc_column width=&#8221;1\/3&#8243;][vc_btn title=&#8221;POESIA 15 A 18 ANOS&#8221; style=&#8221;classic&#8221; shape=&#8221;round&#8221; color=&#8221;blue&#8221; size=&#8221;lg&#8221; align=&#8221;center&#8221; i_icon_fontawesome=&#8221;fa fa-solid fa-file-lines&#8221; css=&#8221;&#8221; add_icon=&#8221;true&#8221; link=&#8221;url:https%3A%2F%2Fdocs.google.com%2Fforms%2Fd%2Fe%2F1FAIpQLSeLHIGizTRgAna-KZSEys4-QeF7VNMgJE6HkkMwykcbRLDCOA%2Fviewform%3Fusp%3Ddialog|title:POESIA%2015%20A%2018%20ANOS|target:_blank&#8221;][vc_btn title=&#8221;POESIA 19 A 24 ANOS&#8221; style=&#8221;classic&#8221; shape=&#8221;round&#8221; color=&#8221;blue&#8221; size=&#8221;lg&#8221; align=&#8221;center&#8221; i_icon_fontawesome=&#8221;fa fa-solid fa-file-lines&#8221; css=&#8221;&#8221; add_icon=&#8221;true&#8221; link=&#8221;url:https%3A%2F%2Fdocs.google.com%2Fforms%2Fd%2Fe%2F1FAIpQLSd_GhGSaG0NQabCHodn4wXyX6X_TYhHeLgxZRV-vxahnpKIXA%2Fviewform%3Fusp%3Ddialog|title:POESIA%2019%20A%2024%20ANOS|target:_blank&#8221;][\/vc_column][\/vc_row]<\/p>\n<\/div>","protected":false},"excerpt":{"rendered":"<p>[vc_row full_width=&#8221;stretch_row&#8221; gap=&#8221;10&#8243; css=&#8221;.vc_custom_1770665471856{background-color: #ADCEE3 !important;}&#8221;][vc_column][vc_single_image image=&#8221;214&#8243; img_size=&#8221;full&#8221; alignment=&#8221;center&#8221; css=&#8221;&#8221;][\/vc_column][\/vc_row][vc_row full_width=&#8221;stretch_row&#8221; gap=&#8221;10&#8243;][vc_column][vc_column_text css=&#8221;&#8221;] REGULAMENTO [\/vc_column_text][vc_column_text css=&#8221;&#8221;] CONCURSO LITER\u00c1RIO &#8211; CONTO, [&hellip;]<\/p>\n","protected":false},"author":1,"featured_media":0,"parent":242,"menu_order":0,"comment_status":"closed","ping_status":"closed","template":"","meta":{"site-sidebar-layout":"no-sidebar","site-content-layout":"plain-container","ast-site-content-layout":"default","site-content-style":"default","site-sidebar-style":"default","ast-global-header-display":"","ast-banner-title-visibility":"","ast-main-header-display":"","ast-hfb-above-header-display":"","ast-hfb-below-header-display":"","ast-hfb-mobile-header-display":"","site-post-title":"disabled","ast-breadcrumbs-content":"","ast-featured-img":"disabled","footer-sml-layout":"","ast-disable-related-posts":"","theme-transparent-header-meta":"default","adv-header-id-meta":"","stick-header-meta":"","header-above-stick-meta":"","header-main-stick-meta":"","header-below-stick-meta":"","astra-migrate-meta-layouts":"set","ast-page-background-enabled":"default","ast-page-background-meta":{"desktop":{"background-color":"var(--ast-global-color-5)","background-image":"","background-repeat":"repeat","background-position":"center center","background-size":"auto","background-attachment":"scroll","background-type":"","background-media":"","overlay-type":"","overlay-color":"","overlay-opacity":"","overlay-gradient":""},"tablet":{"background-color":"","background-image":"","background-repeat":"repeat","background-position":"center center","background-size":"auto","background-attachment":"scroll","background-type":"","background-media":"","overlay-type":"","overlay-color":"","overlay-opacity":"","overlay-gradient":""},"mobile":{"background-color":"","background-image":"","background-repeat":"repeat","background-position":"center center","background-size":"auto","background-attachment":"scroll","background-type":"","background-media":"","overlay-type":"","overlay-color":"","overlay-opacity":"","overlay-gradient":""}},"ast-content-background-meta":{"desktop":{"background-color":"var(--ast-global-color-4)","background-image":"","background-repeat":"repeat","background-position":"center center","background-size":"auto","background-attachment":"scroll","background-type":"","background-media":"","overlay-type":"","overlay-color":"","overlay-opacity":"","overlay-gradient":""},"tablet":{"background-color":"var(--ast-global-color-4)","background-image":"","background-repeat":"repeat","background-position":"center center","background-size":"auto","background-attachment":"scroll","background-type":"","background-media":"","overlay-type":"","overlay-color":"","overlay-opacity":"","overlay-gradient":""},"mobile":{"background-color":"var(--ast-global-color-4)","background-image":"","background-repeat":"repeat","background-position":"center center","background-size":"auto","background-attachment":"scroll","background-type":"","background-media":"","overlay-type":"","overlay-color":"","overlay-opacity":"","overlay-gradient":""}},"footnotes":""},"class_list":["post-12","page","type-page","status-publish","hentry"],"yoast_head":"<!-- This site is optimized with the Yoast SEO plugin v27.4 - https:\/\/yoast.com\/product\/yoast-seo-wordpress\/ -->\n<title>Cr\u00f4nica, Conto e Poesia &#8226; Festival da Juventude 2026<\/title>\n<meta name=\"robots\" content=\"index, follow, max-snippet:-1, max-image-preview:large, max-video-preview:-1\" \/>\n<link rel=\"canonical\" href=\"https:\/\/festjuv.com.br\/2026\/concursos\/cronica-conto-e-poesia\/\" \/>\n<meta property=\"og:locale\" content=\"pt_BR\" \/>\n<meta property=\"og:type\" content=\"article\" \/>\n<meta property=\"og:title\" content=\"Cr\u00f4nica, Conto e Poesia &#8226; Festival da Juventude 2026\" \/>\n<meta property=\"og:description\" content=\"[vc_row full_width=&#8221;stretch_row&#8221; gap=&#8221;10&#8243; css=&#8221;.vc_custom_1770665471856{background-color: #ADCEE3 !important;}&#8221;][vc_column][vc_single_image image=&#8221;214&#8243; img_size=&#8221;full&#8221; alignment=&#8221;center&#8221; css=&#8221;&#8221;][\/vc_column][\/vc_row][vc_row full_width=&#8221;stretch_row&#8221; gap=&#8221;10&#8243;][vc_column][vc_column_text css=&#8221;&#8221;] REGULAMENTO [\/vc_column_text][vc_column_text css=&#8221;&#8221;] CONCURSO LITER\u00c1RIO &#8211; CONTO, [&hellip;]\" \/>\n<meta property=\"og:url\" content=\"https:\/\/festjuv.com.br\/2026\/concursos\/cronica-conto-e-poesia\/\" \/>\n<meta property=\"og:site_name\" content=\"Festival da Juventude 2026\" \/>\n<meta property=\"article:modified_time\" content=\"2026-03-26T00:23:15+00:00\" \/>\n<meta property=\"og:image\" content=\"https:\/\/festjuv.com.br\/2026\/wp-content\/uploads\/2026\/02\/festjuv26-img-yoast-v2.png\" \/>\n\t<meta property=\"og:image:width\" content=\"1201\" \/>\n\t<meta property=\"og:image:height\" content=\"676\" \/>\n\t<meta property=\"og:image:type\" content=\"image\/png\" \/>\n<meta name=\"twitter:card\" content=\"summary_large_image\" \/>\n<script type=\"application\/ld+json\" class=\"yoast-schema-graph\">{\"@context\":\"https:\\\/\\\/schema.org\",\"@graph\":[{\"@type\":\"WebPage\",\"@id\":\"https:\\\/\\\/festjuv.com.br\\\/2026\\\/concursos\\\/cronica-conto-e-poesia\\\/\",\"url\":\"https:\\\/\\\/festjuv.com.br\\\/2026\\\/concursos\\\/cronica-conto-e-poesia\\\/\",\"name\":\"Cr\u00f4nica, Conto e Poesia &#8226; Festival da Juventude 2026\",\"isPartOf\":{\"@id\":\"https:\\\/\\\/festjuv.com.br\\\/2026\\\/#website\"},\"datePublished\":\"2026-02-06T02:47:49+00:00\",\"dateModified\":\"2026-03-26T00:23:15+00:00\",\"breadcrumb\":{\"@id\":\"https:\\\/\\\/festjuv.com.br\\\/2026\\\/concursos\\\/cronica-conto-e-poesia\\\/#breadcrumb\"},\"inLanguage\":\"pt-BR\",\"potentialAction\":[{\"@type\":\"ReadAction\",\"target\":[\"https:\\\/\\\/festjuv.com.br\\\/2026\\\/concursos\\\/cronica-conto-e-poesia\\\/\"]}]},{\"@type\":\"BreadcrumbList\",\"@id\":\"https:\\\/\\\/festjuv.com.br\\\/2026\\\/concursos\\\/cronica-conto-e-poesia\\\/#breadcrumb\",\"itemListElement\":[{\"@type\":\"ListItem\",\"position\":1,\"name\":\"In\u00edcio\",\"item\":\"https:\\\/\\\/festjuv.com.br\\\/2026\\\/\"},{\"@type\":\"ListItem\",\"position\":2,\"name\":\"Concursos\",\"item\":\"https:\\\/\\\/festjuv.com.br\\\/2026\\\/concursos\\\/\"},{\"@type\":\"ListItem\",\"position\":3,\"name\":\"Cr\u00f4nica, Conto e Poesia\"}]},{\"@type\":\"WebSite\",\"@id\":\"https:\\\/\\\/festjuv.com.br\\\/2026\\\/#website\",\"url\":\"https:\\\/\\\/festjuv.com.br\\\/2026\\\/\",\"name\":\"Festival da Juventude 2026\",\"description\":\"Literatura, Livro e Leitura\",\"publisher\":{\"@id\":\"https:\\\/\\\/festjuv.com.br\\\/2026\\\/#organization\"},\"alternateName\":\"FestJuv 2026\",\"potentialAction\":[{\"@type\":\"SearchAction\",\"target\":{\"@type\":\"EntryPoint\",\"urlTemplate\":\"https:\\\/\\\/festjuv.com.br\\\/2026\\\/?s={search_term_string}\"},\"query-input\":{\"@type\":\"PropertyValueSpecification\",\"valueRequired\":true,\"valueName\":\"search_term_string\"}}],\"inLanguage\":\"pt-BR\"},{\"@type\":\"Organization\",\"@id\":\"https:\\\/\\\/festjuv.com.br\\\/2026\\\/#organization\",\"name\":\"Festival da Juventude 2026\",\"alternateName\":\"FestJuv 2026\",\"url\":\"https:\\\/\\\/festjuv.com.br\\\/2026\\\/\",\"logo\":{\"@type\":\"ImageObject\",\"inLanguage\":\"pt-BR\",\"@id\":\"https:\\\/\\\/festjuv.com.br\\\/2026\\\/#\\\/schema\\\/logo\\\/image\\\/\",\"url\":\"https:\\\/\\\/festjuv.com.br\\\/2026\\\/wp-content\\\/uploads\\\/2026\\\/02\\\/festjuv26-img-destaque-v1.png\",\"contentUrl\":\"https:\\\/\\\/festjuv.com.br\\\/2026\\\/wp-content\\\/uploads\\\/2026\\\/02\\\/festjuv26-img-destaque-v1.png\",\"width\":1280,\"height\":853,\"caption\":\"Festival da Juventude 2026\"},\"image\":{\"@id\":\"https:\\\/\\\/festjuv.com.br\\\/2026\\\/#\\\/schema\\\/logo\\\/image\\\/\"}}]}<\/script>\n<!-- \/ Yoast SEO plugin. -->","yoast_head_json":{"title":"Cr\u00f4nica, Conto e Poesia &#8226; Festival da Juventude 2026","robots":{"index":"index","follow":"follow","max-snippet":"max-snippet:-1","max-image-preview":"max-image-preview:large","max-video-preview":"max-video-preview:-1"},"canonical":"https:\/\/festjuv.com.br\/2026\/concursos\/cronica-conto-e-poesia\/","og_locale":"pt_BR","og_type":"article","og_title":"Cr\u00f4nica, Conto e Poesia &#8226; Festival da Juventude 2026","og_description":"[vc_row full_width=&#8221;stretch_row&#8221; gap=&#8221;10&#8243; css=&#8221;.vc_custom_1770665471856{background-color: #ADCEE3 !important;}&#8221;][vc_column][vc_single_image image=&#8221;214&#8243; img_size=&#8221;full&#8221; alignment=&#8221;center&#8221; css=&#8221;&#8221;][\/vc_column][\/vc_row][vc_row full_width=&#8221;stretch_row&#8221; gap=&#8221;10&#8243;][vc_column][vc_column_text css=&#8221;&#8221;] REGULAMENTO [\/vc_column_text][vc_column_text css=&#8221;&#8221;] CONCURSO LITER\u00c1RIO &#8211; CONTO, [&hellip;]","og_url":"https:\/\/festjuv.com.br\/2026\/concursos\/cronica-conto-e-poesia\/","og_site_name":"Festival da Juventude 2026","article_modified_time":"2026-03-26T00:23:15+00:00","og_image":[{"width":1201,"height":676,"url":"https:\/\/festjuv.com.br\/2026\/wp-content\/uploads\/2026\/02\/festjuv26-img-yoast-v2.png","type":"image\/png"}],"twitter_card":"summary_large_image","schema":{"@context":"https:\/\/schema.org","@graph":[{"@type":"WebPage","@id":"https:\/\/festjuv.com.br\/2026\/concursos\/cronica-conto-e-poesia\/","url":"https:\/\/festjuv.com.br\/2026\/concursos\/cronica-conto-e-poesia\/","name":"Cr\u00f4nica, Conto e Poesia &#8226; Festival da Juventude 2026","isPartOf":{"@id":"https:\/\/festjuv.com.br\/2026\/#website"},"datePublished":"2026-02-06T02:47:49+00:00","dateModified":"2026-03-26T00:23:15+00:00","breadcrumb":{"@id":"https:\/\/festjuv.com.br\/2026\/concursos\/cronica-conto-e-poesia\/#breadcrumb"},"inLanguage":"pt-BR","potentialAction":[{"@type":"ReadAction","target":["https:\/\/festjuv.com.br\/2026\/concursos\/cronica-conto-e-poesia\/"]}]},{"@type":"BreadcrumbList","@id":"https:\/\/festjuv.com.br\/2026\/concursos\/cronica-conto-e-poesia\/#breadcrumb","itemListElement":[{"@type":"ListItem","position":1,"name":"In\u00edcio","item":"https:\/\/festjuv.com.br\/2026\/"},{"@type":"ListItem","position":2,"name":"Concursos","item":"https:\/\/festjuv.com.br\/2026\/concursos\/"},{"@type":"ListItem","position":3,"name":"Cr\u00f4nica, Conto e Poesia"}]},{"@type":"WebSite","@id":"https:\/\/festjuv.com.br\/2026\/#website","url":"https:\/\/festjuv.com.br\/2026\/","name":"Festival da Juventude 2026","description":"Literatura, Livro e Leitura","publisher":{"@id":"https:\/\/festjuv.com.br\/2026\/#organization"},"alternateName":"FestJuv 2026","potentialAction":[{"@type":"SearchAction","target":{"@type":"EntryPoint","urlTemplate":"https:\/\/festjuv.com.br\/2026\/?s={search_term_string}"},"query-input":{"@type":"PropertyValueSpecification","valueRequired":true,"valueName":"search_term_string"}}],"inLanguage":"pt-BR"},{"@type":"Organization","@id":"https:\/\/festjuv.com.br\/2026\/#organization","name":"Festival da Juventude 2026","alternateName":"FestJuv 2026","url":"https:\/\/festjuv.com.br\/2026\/","logo":{"@type":"ImageObject","inLanguage":"pt-BR","@id":"https:\/\/festjuv.com.br\/2026\/#\/schema\/logo\/image\/","url":"https:\/\/festjuv.com.br\/2026\/wp-content\/uploads\/2026\/02\/festjuv26-img-destaque-v1.png","contentUrl":"https:\/\/festjuv.com.br\/2026\/wp-content\/uploads\/2026\/02\/festjuv26-img-destaque-v1.png","width":1280,"height":853,"caption":"Festival da Juventude 2026"},"image":{"@id":"https:\/\/festjuv.com.br\/2026\/#\/schema\/logo\/image\/"}}]}},"_links":{"self":[{"href":"https:\/\/festjuv.com.br\/2026\/wp-json\/wp\/v2\/pages\/12","targetHints":{"allow":["GET"]}}],"collection":[{"href":"https:\/\/festjuv.com.br\/2026\/wp-json\/wp\/v2\/pages"}],"about":[{"href":"https:\/\/festjuv.com.br\/2026\/wp-json\/wp\/v2\/types\/page"}],"author":[{"embeddable":true,"href":"https:\/\/festjuv.com.br\/2026\/wp-json\/wp\/v2\/users\/1"}],"replies":[{"embeddable":true,"href":"https:\/\/festjuv.com.br\/2026\/wp-json\/wp\/v2\/comments?post=12"}],"version-history":[{"count":58,"href":"https:\/\/festjuv.com.br\/2026\/wp-json\/wp\/v2\/pages\/12\/revisions"}],"predecessor-version":[{"id":1240,"href":"https:\/\/festjuv.com.br\/2026\/wp-json\/wp\/v2\/pages\/12\/revisions\/1240"}],"up":[{"embeddable":true,"href":"https:\/\/festjuv.com.br\/2026\/wp-json\/wp\/v2\/pages\/242"}],"wp:attachment":[{"href":"https:\/\/festjuv.com.br\/2026\/wp-json\/wp\/v2\/media?parent=12"}],"curies":[{"name":"wp","href":"https:\/\/api.w.org\/{rel}","templated":true}]}}