{"id":452,"date":"2026-02-25T23:19:54","date_gmt":"2026-02-26T03:19:54","guid":{"rendered":"https:\/\/festjuv.com.br\/2026\/?page_id=452"},"modified":"2026-03-19T11:57:40","modified_gmt":"2026-03-19T15:57:40","slug":"forum-das-juventudes","status":"publish","type":"page","link":"https:\/\/festjuv.com.br\/2026\/forum-das-juventudes\/","title":{"rendered":"F\u00f3rum das Juventudes"},"content":{"rendered":"<div class=\"wpb-content-wrapper\"><p>[vc_row full_width=&#8221;stretch_row&#8221; gap=&#8221;10&#8243; css=&#8221;.vc_custom_1772414540962{background-image: url(https:\/\/festjuv.com.br\/2026\/wp-content\/uploads\/2026\/03\/festjuv26-bg-pincelada-verde-v1.webp?id=589) !important;background-position: center !important;background-repeat: no-repeat !important;background-size: cover !important;}&#8221;][vc_column][vc_single_image image=&#8221;1104&#8243; img_size=&#8221;full&#8221; alignment=&#8221;center&#8221; css=&#8221;&#8221;][\/vc_column][\/vc_row][vc_row equal_height=&#8221;yes&#8221; content_placement=&#8221;middle&#8221; css=&#8221;.vc_custom_1773935856132{margin-top: 20px !important;padding-bottom: 20px !important;}&#8221;][vc_column width=&#8221;1\/3&#8243; css=&#8221;.vc_custom_1772416674603{background-color: #FFF7CC !important;}&#8221;][vc_column_text css=&#8221;&#8221;]<\/p>\n<p style=\"text-align: center;\"><strong>Data:<\/strong> 27\/03\/2026 (sexta-feira)<br \/>\n<strong>Hor\u00e1rio:<\/strong> das 13h \u00e0s 17h<br \/>\n<strong>Realiza\u00e7\u00e3o:<\/strong> SubsJuventude\/SEC e Conjuv\/MS<\/p>\n<p>[\/vc_column_text][\/vc_column][vc_column width=&#8221;1\/3&#8243; css=&#8221;.vc_custom_1772572501181{background-color: #D3E4F0 !important;}&#8221;][vc_column_text css=&#8221;&#8221;]<\/p>\n<p style=\"text-align: center;\"><strong>Local:<\/strong><br \/>\nComplexo Multiuso Dercir Pedro de Oliveira<br \/>\nUFMS &#8211; Campo Grande\/MS<br \/>\n<a href=\"https:\/\/maps.app.goo.gl\/BmMbcxqEXqZryZ666\" target=\"_blank\" rel=\"noopener\">(clique aqui para ver a localiza\u00e7\u00e3o)<\/a><\/p>\n<p>[\/vc_column_text][\/vc_column][vc_column width=&#8221;1\/3&#8243; css=&#8221;.vc_custom_1772572487151{background-color: #E9DEFF !important;}&#8221;][vc_column_text css=&#8221;.vc_custom_1772572685522{margin-bottom: 15px !important;}&#8221;]<\/p>\n<p style=\"text-align: center;\">Considerando a limita\u00e7\u00e3o de vagas, solicitamos a realiza\u00e7\u00e3o de inscri\u00e7\u00e3o pr\u00e9via:<\/p>\n<p>[\/vc_column_text][vc_btn title=&#8221;INSCREVA-SE AQUI&#8221; style=&#8221;classic&#8221; shape=&#8221;round&#8221; color=&#8221;violet&#8221; align=&#8221;center&#8221; css=&#8221;.vc_custom_1772572788442{margin-bottom: 35px !important;}&#8221; link=&#8221;url:https%3A%2F%2Fwww.responde.ms.gov.br%2Fpesquisa%2F448|title:INSCREVA-SE%20AQUI|target:_blank&#8221;][\/vc_column][\/vc_row][vc_row gap=&#8221;10&#8243; css=&#8221;.vc_custom_1772416507475{padding-bottom: 25px !important;}&#8221;][vc_column][vc_column_text css=&#8221;&#8221;]Durante a programa\u00e7\u00e3o do Festival da Juventude 2026, a Secretaria de Estado da Cidadania (SEC), por meio da Subsecretaria de Pol\u00edticas P\u00fablicas para Juventude (SubsJuvetude), e o Conselho Estadual da Juventude (Conjuv\/MS) realizar\u00e3o uma tarde dedicada ao F\u00f3rum das Juventudes, um espa\u00e7o de escuta, di\u00e1logo e constru\u00e7\u00e3o coletiva que reunir\u00e1 jovens e gestores p\u00fablicos com o objetivo de debater propostas para o fortalecimento das pol\u00edticas p\u00fablicas de juventude no estado.<\/p>\n<p>O F\u00f3rum tem como finalidade principal recolher contribui\u00e7\u00f5es da juventude, organizadas em cinco eixos tem\u00e1ticos, que subsidiar\u00e3o o processo de renova\u00e7\u00e3o do Plano Estadual de Juventude, garantindo que ele reflita as demandas reais, os desafios e as potencialidades vivenciadas pelos jovens em seus territ\u00f3rios.<\/p>\n<p>O F\u00f3rum ser\u00e1 desenvolvido em tr\u00eas momentos principais:<\/p>\n<p><strong>1. Abertura no audit\u00f3rio (13h30 \u00e0s 14h)<\/strong><\/p>\n<p>Todos os participantes ser\u00e3o reunidos inicialmente no audit\u00f3rio para acolhimento e explica\u00e7\u00e3o da din\u00e2mica do F\u00f3rum. Nesse momento, o Conjuv far\u00e1 uma breve apresenta\u00e7\u00e3o dos cinco eixos tem\u00e1ticos, contextualizando cada um deles e orientando os participantes sobre a import\u00e2ncia das discuss\u00f5es.<\/p>\n<p><strong>2. Grupos de trabalho por eixo (14h10 \u00e0s 15h50)<\/strong><\/p>\n<p>Ap\u00f3s a abertura, os participantes ser\u00e3o divididos em cinco grupos, correspondentes a cada eixo tem\u00e1tico. Cada grupo seguir\u00e1 para uma sala espec\u00edfica, onde contar\u00e1 com dois mediadores, respons\u00e1veis por conduzir a discuss\u00e3o e registrar as propostas levantadas.<\/p>\n<p>Ao final da discuss\u00e3o, cada grupo dever\u00e1 selecionar tr\u00eas propostas priorit\u00e1rias, entre todas as ideias apresentadas, e escolher representantes para apresent\u00e1-las na plen\u00e1ria final.<\/p>\n<p>Os grupos ser\u00e3o divididos nos seguintes eixos tem\u00e1ticos:<\/p>\n<p><em>Eixo 1 &#8211; Educa\u00e7\u00e3o, Profissionaliza\u00e7\u00e3o, Trabalho e Renda<\/em><\/p>\n<p>Este eixo aborda a educa\u00e7\u00e3o como direito fundamental e base da transforma\u00e7\u00e3o social, articulada \u00e0 profissionaliza\u00e7\u00e3o e \u00e0 inser\u00e7\u00e3o digna da juventude no mundo do trabalho. A discuss\u00e3o envolve perman\u00eancia escolar, combate \u00e0 evas\u00e3o, qualifica\u00e7\u00e3o profissional, pol\u00edticas de primeiro emprego, empreendedorismo juvenil e gera\u00e7\u00e3o de renda, considerando as realidades locais e territoriais.<\/p>\n<p><em>Eixo 2 &#8211; Cultura, Esporte e Lazer<\/em><\/p>\n<p>Trata do acesso da juventude \u00e0s manifesta\u00e7\u00f5es culturais, \u00e0s pr\u00e1ticas esportivas e \u00e0s diversas formas de lazer como direitos sociais. O eixo valoriza a cultura produzida por jovens, os coletivos culturais, as express\u00f5es perif\u00e9ricas e tradicionais, al\u00e9m da necessidade de equipamentos p\u00fablicos, incentivo a eventos, apoio a artistas, atletas e grupos juvenis.<\/p>\n<p><em>Eixo 3 &#8211; Participa\u00e7\u00e3o Social, Diversidade e Igualdade<\/em><\/p>\n<p>Este eixo discute o fortalecimento da participa\u00e7\u00e3o juvenil nos espa\u00e7os de decis\u00e3o, como conselhos, gr\u00eamios e f\u00f3runs, bem como a promo\u00e7\u00e3o da diversidade e da igualdade. Enfrenta temas como racismo, machismo, LGBTfobia, capacitismo e outras formas de discrimina\u00e7\u00e3o, buscando pol\u00edticas afirmativas que garantam representatividade, equidade e justi\u00e7a social.<\/p>\n<p><em>Eixo 4 &#8211; Sustentabilidade, Meio Ambiente, Territ\u00f3rio e Mobilidade<\/em><\/p>\n<p>Aborda o protagonismo da juventude na defesa do meio ambiente, na constru\u00e7\u00e3o de pr\u00e1ticas sustent\u00e1veis e na preserva\u00e7\u00e3o dos territ\u00f3rios. Inclui tamb\u00e9m o debate sobre mobilidade urbana e rural, transporte p\u00fablico, direito \u00e0 cidade, seguran\u00e7a, espa\u00e7os de conviv\u00eancia e condi\u00e7\u00f5es dignas de circula\u00e7\u00e3o e acesso aos servi\u00e7os p\u00fablicos.<\/p>\n<p><em>Eixo 5 &#8211; Sa\u00fade Mental<\/em><\/p>\n<p>A sa\u00fade mental da juventude \u00e9 um tema central e urgente. Este eixo discute os impactos da ansiedade, da depress\u00e3o, da viol\u00eancia, da press\u00e3o social e das desigualdades na vida dos jovens. Prop\u00f5e o fortalecimento de pol\u00edticas p\u00fablicas de cuidado, preven\u00e7\u00e3o, promo\u00e7\u00e3o da sa\u00fade mental, acesso a servi\u00e7os psicol\u00f3gicos, a\u00e7\u00f5es nas escolas e nos territ\u00f3rios, al\u00e9m do combate ao estigma e da valoriza\u00e7\u00e3o do bem viver juvenil.<\/p>\n<p><strong>3. Plen\u00e1ria final (15h50 \u00e0s 16h30)<\/strong><\/p>\n<p>Encerrado o tempo dos grupos, todos retornar\u00e3o ao audit\u00f3rio para a plen\u00e1ria final. Os representantes de cada eixo apresentar\u00e3o, de forma breve e objetiva, as tr\u00eas propostas escolhidas.<\/p>\n<p>Todos os registros escritos contendo o conjunto das propostas debatidas ser\u00e3o recolhidos e utilizados como subs\u00eddio t\u00e9cnico e pol\u00edtico para a constru\u00e7\u00e3o do novo Plano Estadual de Juventude.[\/vc_column_text][\/vc_column][\/vc_row][vc_row full_width=&#8221;stretch_row&#8221; gap=&#8221;10&#8243; css=&#8221;.vc_custom_1772416464155{background-color: #FFE5EF !important;}&#8221; el_id=&#8221;logos-desktop&#8221;][vc_column offset=&#8221;vc_hidden-xs&#8221;][vc_single_image image=&#8221;601&#8243; img_size=&#8221;full&#8221; alignment=&#8221;center&#8221; css=&#8221;&#8221;][\/vc_column][\/vc_row][vc_row full_width=&#8221;stretch_row&#8221; gap=&#8221;10&#8243; css=&#8221;.vc_custom_1772416469620{background-color: #FFE5EF !important;}&#8221; el_id=&#8221;logos-mobile&#8221;][vc_column offset=&#8221;vc_hidden-lg vc_hidden-md vc_hidden-sm&#8221;][vc_single_image image=&#8221;602&#8243; img_size=&#8221;full&#8221; alignment=&#8221;center&#8221; css=&#8221;&#8221;][\/vc_column][\/vc_row]<\/p>\n<\/div>","protected":false},"excerpt":{"rendered":"<p>[vc_row full_width=&#8221;stretch_row&#8221; gap=&#8221;10&#8243; css=&#8221;.vc_custom_1772414540962{background-image: url(https:\/\/festjuv.com.br\/2026\/wp-content\/uploads\/2026\/03\/festjuv26-bg-pincelada-verde-v1.webp?id=589) !important;background-position: center !important;background-repeat: no-repeat !important;background-size: cover !important;}&#8221;][vc_column][vc_single_image image=&#8221;1104&#8243; img_size=&#8221;full&#8221; alignment=&#8221;center&#8221; css=&#8221;&#8221;][\/vc_column][\/vc_row][vc_row equal_height=&#8221;yes&#8221; content_placement=&#8221;middle&#8221; css=&#8221;.vc_custom_1773935856132{margin-top: 20px [&hellip;]<\/p>\n","protected":false},"author":1,"featured_media":121,"parent":0,"menu_order":0,"comment_status":"closed","ping_status":"closed","template":"","meta":{"site-sidebar-layout":"no-sidebar","site-content-layout":"plain-container","ast-site-content-layout":"default","site-content-style":"default","site-sidebar-style":"default","ast-global-header-display":"","ast-banner-title-visibility":"","ast-main-header-display":"","ast-hfb-above-header-display":"","ast-hfb-below-header-display":"","ast-hfb-mobile-header-display":"","site-post-title":"disabled","ast-breadcrumbs-content":"","ast-featured-img":"disabled","footer-sml-layout":"","ast-disable-related-posts":"","theme-transparent-header-meta":"default","adv-header-id-meta":"","stick-header-meta":"","header-above-stick-meta":"","header-main-stick-meta":"","header-below-stick-meta":"","astra-migrate-meta-layouts":"set","ast-page-background-enabled":"default","ast-page-background-meta":{"desktop":{"background-color":"var(--ast-global-color-5)","background-image":"","background-repeat":"repeat","background-position":"center center","background-size":"auto","background-attachment":"scroll","background-type":"","background-media":"","overlay-type":"","overlay-color":"","overlay-opacity":"","overlay-gradient":""},"tablet":{"background-color":"","background-image":"","background-repeat":"repeat","background-position":"center center","background-size":"auto","background-attachment":"scroll","background-type":"","background-media":"","overlay-type":"","overlay-color":"","overlay-opacity":"","overlay-gradient":""},"mobile":{"background-color":"","background-image":"","background-repeat":"repeat","background-position":"center center","background-size":"auto","background-attachment":"scroll","background-type":"","background-media":"","overlay-type":"","overlay-color":"","overlay-opacity":"","overlay-gradient":""}},"ast-content-background-meta":{"desktop":{"background-color":"var(--ast-global-color-4)","background-image":"","background-repeat":"repeat","background-position":"center center","background-size":"auto","background-attachment":"scroll","background-type":"","background-media":"","overlay-type":"","overlay-color":"","overlay-opacity":"","overlay-gradient":""},"tablet":{"background-color":"var(--ast-global-color-4)","background-image":"","background-repeat":"repeat","background-position":"center center","background-size":"auto","background-attachment":"scroll","background-type":"","background-media":"","overlay-type":"","overlay-color":"","overlay-opacity":"","overlay-gradient":""},"mobile":{"background-color":"var(--ast-global-color-4)","background-image":"","background-repeat":"repeat","background-position":"center center","background-size":"auto","background-attachment":"scroll","background-type":"","background-media":"","overlay-type":"","overlay-color":"","overlay-opacity":"","overlay-gradient":""}},"footnotes":""},"class_list":["post-452","page","type-page","status-publish","has-post-thumbnail","hentry"],"yoast_head":"<!-- This site is optimized with the Yoast SEO plugin v27.4 - https:\/\/yoast.com\/product\/yoast-seo-wordpress\/ -->\n<title>F\u00f3rum das Juventudes &#8226; Festival da Juventude 2026<\/title>\n<meta name=\"description\" content=\"Espa\u00e7o de escuta, di\u00e1logo e constru\u00e7\u00e3o que reunir\u00e1 jovens e gestores p\u00fablicos para fortalecimento das pol\u00edticas p\u00fablicas de juventude.\" \/>\n<meta name=\"robots\" content=\"index, follow, max-snippet:-1, max-image-preview:large, max-video-preview:-1\" \/>\n<link rel=\"canonical\" href=\"https:\/\/festjuv.com.br\/2026\/forum-das-juventudes\/\" \/>\n<meta property=\"og:locale\" content=\"pt_BR\" \/>\n<meta property=\"og:type\" content=\"article\" \/>\n<meta property=\"og:title\" content=\"F\u00f3rum das Juventudes &#8226; Festival da Juventude 2026\" \/>\n<meta property=\"og:description\" content=\"Espa\u00e7o de escuta, di\u00e1logo e constru\u00e7\u00e3o que reunir\u00e1 jovens e gestores p\u00fablicos para fortalecimento das pol\u00edticas p\u00fablicas de juventude.\" \/>\n<meta property=\"og:url\" content=\"https:\/\/festjuv.com.br\/2026\/forum-das-juventudes\/\" \/>\n<meta property=\"og:site_name\" content=\"Festival da Juventude 2026\" \/>\n<meta property=\"article:modified_time\" content=\"2026-03-19T15:57:40+00:00\" \/>\n<meta property=\"og:image\" content=\"https:\/\/festjuv.com.br\/2026\/wp-content\/uploads\/2026\/02\/festjuv26-img-destaque-v1.png\" \/>\n\t<meta property=\"og:image:width\" content=\"1280\" \/>\n\t<meta property=\"og:image:height\" content=\"853\" \/>\n\t<meta property=\"og:image:type\" content=\"image\/png\" \/>\n<meta name=\"twitter:card\" content=\"summary_large_image\" \/>\n<script type=\"application\/ld+json\" class=\"yoast-schema-graph\">{\"@context\":\"https:\\\/\\\/schema.org\",\"@graph\":[{\"@type\":\"WebPage\",\"@id\":\"https:\\\/\\\/festjuv.com.br\\\/2026\\\/forum-das-juventudes\\\/\",\"url\":\"https:\\\/\\\/festjuv.com.br\\\/2026\\\/forum-das-juventudes\\\/\",\"name\":\"F\u00f3rum das Juventudes &#8226; Festival da Juventude 2026\",\"isPartOf\":{\"@id\":\"https:\\\/\\\/festjuv.com.br\\\/2026\\\/#website\"},\"primaryImageOfPage\":{\"@id\":\"https:\\\/\\\/festjuv.com.br\\\/2026\\\/forum-das-juventudes\\\/#primaryimage\"},\"image\":{\"@id\":\"https:\\\/\\\/festjuv.com.br\\\/2026\\\/forum-das-juventudes\\\/#primaryimage\"},\"thumbnailUrl\":\"https:\\\/\\\/festjuv.com.br\\\/2026\\\/wp-content\\\/uploads\\\/2026\\\/02\\\/festjuv26-img-destaque-v1.png\",\"datePublished\":\"2026-02-26T03:19:54+00:00\",\"dateModified\":\"2026-03-19T15:57:40+00:00\",\"description\":\"Espa\u00e7o de escuta, di\u00e1logo e constru\u00e7\u00e3o que reunir\u00e1 jovens e gestores p\u00fablicos para fortalecimento das pol\u00edticas p\u00fablicas de juventude.\",\"breadcrumb\":{\"@id\":\"https:\\\/\\\/festjuv.com.br\\\/2026\\\/forum-das-juventudes\\\/#breadcrumb\"},\"inLanguage\":\"pt-BR\",\"potentialAction\":[{\"@type\":\"ReadAction\",\"target\":[\"https:\\\/\\\/festjuv.com.br\\\/2026\\\/forum-das-juventudes\\\/\"]}]},{\"@type\":\"ImageObject\",\"inLanguage\":\"pt-BR\",\"@id\":\"https:\\\/\\\/festjuv.com.br\\\/2026\\\/forum-das-juventudes\\\/#primaryimage\",\"url\":\"https:\\\/\\\/festjuv.com.br\\\/2026\\\/wp-content\\\/uploads\\\/2026\\\/02\\\/festjuv26-img-destaque-v1.png\",\"contentUrl\":\"https:\\\/\\\/festjuv.com.br\\\/2026\\\/wp-content\\\/uploads\\\/2026\\\/02\\\/festjuv26-img-destaque-v1.png\",\"width\":1280,\"height\":853,\"caption\":\"FestJuv 2026\"},{\"@type\":\"BreadcrumbList\",\"@id\":\"https:\\\/\\\/festjuv.com.br\\\/2026\\\/forum-das-juventudes\\\/#breadcrumb\",\"itemListElement\":[{\"@type\":\"ListItem\",\"position\":1,\"name\":\"In\u00edcio\",\"item\":\"https:\\\/\\\/festjuv.com.br\\\/2026\\\/\"},{\"@type\":\"ListItem\",\"position\":2,\"name\":\"F\u00f3rum das Juventudes\"}]},{\"@type\":\"WebSite\",\"@id\":\"https:\\\/\\\/festjuv.com.br\\\/2026\\\/#website\",\"url\":\"https:\\\/\\\/festjuv.com.br\\\/2026\\\/\",\"name\":\"Festival da Juventude 2026\",\"description\":\"Literatura, Livro e Leitura\",\"publisher\":{\"@id\":\"https:\\\/\\\/festjuv.com.br\\\/2026\\\/#organization\"},\"alternateName\":\"FestJuv 2026\",\"potentialAction\":[{\"@type\":\"SearchAction\",\"target\":{\"@type\":\"EntryPoint\",\"urlTemplate\":\"https:\\\/\\\/festjuv.com.br\\\/2026\\\/?s={search_term_string}\"},\"query-input\":{\"@type\":\"PropertyValueSpecification\",\"valueRequired\":true,\"valueName\":\"search_term_string\"}}],\"inLanguage\":\"pt-BR\"},{\"@type\":\"Organization\",\"@id\":\"https:\\\/\\\/festjuv.com.br\\\/2026\\\/#organization\",\"name\":\"Festival da Juventude 2026\",\"alternateName\":\"FestJuv 2026\",\"url\":\"https:\\\/\\\/festjuv.com.br\\\/2026\\\/\",\"logo\":{\"@type\":\"ImageObject\",\"inLanguage\":\"pt-BR\",\"@id\":\"https:\\\/\\\/festjuv.com.br\\\/2026\\\/#\\\/schema\\\/logo\\\/image\\\/\",\"url\":\"https:\\\/\\\/festjuv.com.br\\\/2026\\\/wp-content\\\/uploads\\\/2026\\\/02\\\/festjuv26-img-destaque-v1.png\",\"contentUrl\":\"https:\\\/\\\/festjuv.com.br\\\/2026\\\/wp-content\\\/uploads\\\/2026\\\/02\\\/festjuv26-img-destaque-v1.png\",\"width\":1280,\"height\":853,\"caption\":\"Festival da Juventude 2026\"},\"image\":{\"@id\":\"https:\\\/\\\/festjuv.com.br\\\/2026\\\/#\\\/schema\\\/logo\\\/image\\\/\"}}]}<\/script>\n<!-- \/ Yoast SEO plugin. -->","yoast_head_json":{"title":"F\u00f3rum das Juventudes &#8226; Festival da Juventude 2026","description":"Espa\u00e7o de escuta, di\u00e1logo e constru\u00e7\u00e3o que reunir\u00e1 jovens e gestores p\u00fablicos para fortalecimento das pol\u00edticas p\u00fablicas de juventude.","robots":{"index":"index","follow":"follow","max-snippet":"max-snippet:-1","max-image-preview":"max-image-preview:large","max-video-preview":"max-video-preview:-1"},"canonical":"https:\/\/festjuv.com.br\/2026\/forum-das-juventudes\/","og_locale":"pt_BR","og_type":"article","og_title":"F\u00f3rum das Juventudes &#8226; Festival da Juventude 2026","og_description":"Espa\u00e7o de escuta, di\u00e1logo e constru\u00e7\u00e3o que reunir\u00e1 jovens e gestores p\u00fablicos para fortalecimento das pol\u00edticas p\u00fablicas de juventude.","og_url":"https:\/\/festjuv.com.br\/2026\/forum-das-juventudes\/","og_site_name":"Festival da Juventude 2026","article_modified_time":"2026-03-19T15:57:40+00:00","og_image":[{"width":1280,"height":853,"url":"https:\/\/festjuv.com.br\/2026\/wp-content\/uploads\/2026\/02\/festjuv26-img-destaque-v1.png","type":"image\/png"}],"twitter_card":"summary_large_image","schema":{"@context":"https:\/\/schema.org","@graph":[{"@type":"WebPage","@id":"https:\/\/festjuv.com.br\/2026\/forum-das-juventudes\/","url":"https:\/\/festjuv.com.br\/2026\/forum-das-juventudes\/","name":"F\u00f3rum das Juventudes &#8226; Festival da Juventude 2026","isPartOf":{"@id":"https:\/\/festjuv.com.br\/2026\/#website"},"primaryImageOfPage":{"@id":"https:\/\/festjuv.com.br\/2026\/forum-das-juventudes\/#primaryimage"},"image":{"@id":"https:\/\/festjuv.com.br\/2026\/forum-das-juventudes\/#primaryimage"},"thumbnailUrl":"https:\/\/festjuv.com.br\/2026\/wp-content\/uploads\/2026\/02\/festjuv26-img-destaque-v1.png","datePublished":"2026-02-26T03:19:54+00:00","dateModified":"2026-03-19T15:57:40+00:00","description":"Espa\u00e7o de escuta, di\u00e1logo e constru\u00e7\u00e3o que reunir\u00e1 jovens e gestores p\u00fablicos para fortalecimento das pol\u00edticas p\u00fablicas de juventude.","breadcrumb":{"@id":"https:\/\/festjuv.com.br\/2026\/forum-das-juventudes\/#breadcrumb"},"inLanguage":"pt-BR","potentialAction":[{"@type":"ReadAction","target":["https:\/\/festjuv.com.br\/2026\/forum-das-juventudes\/"]}]},{"@type":"ImageObject","inLanguage":"pt-BR","@id":"https:\/\/festjuv.com.br\/2026\/forum-das-juventudes\/#primaryimage","url":"https:\/\/festjuv.com.br\/2026\/wp-content\/uploads\/2026\/02\/festjuv26-img-destaque-v1.png","contentUrl":"https:\/\/festjuv.com.br\/2026\/wp-content\/uploads\/2026\/02\/festjuv26-img-destaque-v1.png","width":1280,"height":853,"caption":"FestJuv 2026"},{"@type":"BreadcrumbList","@id":"https:\/\/festjuv.com.br\/2026\/forum-das-juventudes\/#breadcrumb","itemListElement":[{"@type":"ListItem","position":1,"name":"In\u00edcio","item":"https:\/\/festjuv.com.br\/2026\/"},{"@type":"ListItem","position":2,"name":"F\u00f3rum das Juventudes"}]},{"@type":"WebSite","@id":"https:\/\/festjuv.com.br\/2026\/#website","url":"https:\/\/festjuv.com.br\/2026\/","name":"Festival da Juventude 2026","description":"Literatura, Livro e Leitura","publisher":{"@id":"https:\/\/festjuv.com.br\/2026\/#organization"},"alternateName":"FestJuv 2026","potentialAction":[{"@type":"SearchAction","target":{"@type":"EntryPoint","urlTemplate":"https:\/\/festjuv.com.br\/2026\/?s={search_term_string}"},"query-input":{"@type":"PropertyValueSpecification","valueRequired":true,"valueName":"search_term_string"}}],"inLanguage":"pt-BR"},{"@type":"Organization","@id":"https:\/\/festjuv.com.br\/2026\/#organization","name":"Festival da Juventude 2026","alternateName":"FestJuv 2026","url":"https:\/\/festjuv.com.br\/2026\/","logo":{"@type":"ImageObject","inLanguage":"pt-BR","@id":"https:\/\/festjuv.com.br\/2026\/#\/schema\/logo\/image\/","url":"https:\/\/festjuv.com.br\/2026\/wp-content\/uploads\/2026\/02\/festjuv26-img-destaque-v1.png","contentUrl":"https:\/\/festjuv.com.br\/2026\/wp-content\/uploads\/2026\/02\/festjuv26-img-destaque-v1.png","width":1280,"height":853,"caption":"Festival da Juventude 2026"},"image":{"@id":"https:\/\/festjuv.com.br\/2026\/#\/schema\/logo\/image\/"}}]}},"_links":{"self":[{"href":"https:\/\/festjuv.com.br\/2026\/wp-json\/wp\/v2\/pages\/452","targetHints":{"allow":["GET"]}}],"collection":[{"href":"https:\/\/festjuv.com.br\/2026\/wp-json\/wp\/v2\/pages"}],"about":[{"href":"https:\/\/festjuv.com.br\/2026\/wp-json\/wp\/v2\/types\/page"}],"author":[{"embeddable":true,"href":"https:\/\/festjuv.com.br\/2026\/wp-json\/wp\/v2\/users\/1"}],"replies":[{"embeddable":true,"href":"https:\/\/festjuv.com.br\/2026\/wp-json\/wp\/v2\/comments?post=452"}],"version-history":[{"count":39,"href":"https:\/\/festjuv.com.br\/2026\/wp-json\/wp\/v2\/pages\/452\/revisions"}],"predecessor-version":[{"id":1108,"href":"https:\/\/festjuv.com.br\/2026\/wp-json\/wp\/v2\/pages\/452\/revisions\/1108"}],"wp:featuredmedia":[{"embeddable":true,"href":"https:\/\/festjuv.com.br\/2026\/wp-json\/wp\/v2\/media\/121"}],"wp:attachment":[{"href":"https:\/\/festjuv.com.br\/2026\/wp-json\/wp\/v2\/media?parent=452"}],"curies":[{"name":"wp","href":"https:\/\/api.w.org\/{rel}","templated":true}]}}