{"id":960,"date":"2026-03-16T21:50:03","date_gmt":"2026-03-17T01:50:03","guid":{"rendered":"https:\/\/festjuv.com.br\/2026\/?page_id=960"},"modified":"2026-03-19T12:04:47","modified_gmt":"2026-03-19T16:04:47","slug":"acessibilidade","status":"publish","type":"page","link":"https:\/\/festjuv.com.br\/2026\/acessibilidade\/","title":{"rendered":"Acessibilidade"},"content":{"rendered":"<div class=\"wpb-content-wrapper\"><p>[vc_row full_width=&#8221;stretch_row&#8221; gap=&#8221;10&#8243; content_placement=&#8221;middle&#8221; css=&#8221;.vc_custom_1773936283692{background-image: url(https:\/\/festjuv.com.br\/2026\/wp-content\/uploads\/2026\/03\/festjuv26-bg-pincelada-verde-v1.webp?id=589) !important;background-position: center !important;background-repeat: no-repeat !important;background-size: cover !important;}&#8221;][vc_column][vc_single_image image=&#8221;1077&#8243; img_size=&#8221;full&#8221; alignment=&#8221;center&#8221; css=&#8221;&#8221;][\/vc_column][\/vc_row][vc_row css=&#8221;.vc_custom_1773712251431{margin-bottom: 20px !important;}&#8221;][vc_column][vc_column_text css=&#8221;&#8221;]Confira as informa\u00e7\u00f5es de acessibilidade do Festival da Juventude 2026 e prepare-se para viver essa experi\u00eancia com toda seguran\u00e7a e conforto:<\/p>\n<h3>ACESSO E CIRCULA\u00c7\u00c3O<\/h3>\n<p>Rampas no Teatro Glauce Rocha (entrada e banheiros), garantindo a mobilidade de pessoas com defici\u00eancia visual e mobilidade reduzida.<\/p>\n<p>Assentos e espa\u00e7os exclusivos em frente ao palco do Teatro Glauce Rocha, Palco Livre e Audit\u00f3rio Mar\u00e7al de Souza Tup\u00e3-Y para Pessoas com Defici\u00eancia (PcD) e seus acompanhantes, com acesso facilitado.<\/p>\n<h3>BANHEIROS ACESS\u00cdVEIS<\/h3>\n<p>Banheiros acess\u00edveis no Teatro Glauce Rocha e banheiros qu\u00edmicos identificados e com espa\u00e7o interno adequado para cadeirantes e pessoas com mobilidade reduzida na Vila das Letras.<\/p>\n<h3>COMUNICA\u00c7\u00c3O E ORIENTA\u00c7\u00c3O<\/h3>\n<p>Int\u00e9rpretes de Libras: as atividades no palco do Teatro Glauce Rocha, no Palco Livre e no Audit\u00f3rio Mar\u00e7al de Souza Tup\u00e3-Y contar\u00e3o com int\u00e9rpretes de L\u00edngua Brasileira de Sinais (Libras).<\/p>\n<p>Abordagem Acolhedora: nossa equipe de volunt\u00e1rios e colaboradores passou por um treinamento de no\u00e7\u00f5es b\u00e1sicas de acessibilidade e inclus\u00e3o para melhor atender voc\u00ea. Se precisar de ajuda, identifique um membro da organiza\u00e7\u00e3o (camiseta do Festival).<\/p>\n<h3>ACOLHIMENTO E SA\u00daDE<\/h3>\n<p>Atendimento M\u00e9dico: ambul\u00e2ncia acess\u00edvel, com equipe preparada para qualquer emerg\u00eancia.<\/p>\n<h3>CHEGANDO NO FESTIVAL<\/h3>\n<p>Estacionamento: vagas exclusivas e sinalizadas para Pessoas com Defici\u00eancia (PcD) e idosos, localizadas o mais pr\u00f3ximo poss\u00edvel da entrada principal.<\/p>\n<p>D\u00favidas espec\u00edficas? Durante o evento, procure o balc\u00e3o de informa\u00e7\u00f5es (Ponto de Apoio). Ficaremos felizes em ajudar![\/vc_column_text][\/vc_column][\/vc_row]<\/p>\n<\/div>","protected":false},"excerpt":{"rendered":"<p>[vc_row full_width=&#8221;stretch_row&#8221; gap=&#8221;10&#8243; content_placement=&#8221;middle&#8221; css=&#8221;.vc_custom_1773936283692{background-image: url(https:\/\/festjuv.com.br\/2026\/wp-content\/uploads\/2026\/03\/festjuv26-bg-pincelada-verde-v1.webp?id=589) !important;background-position: center !important;background-repeat: no-repeat !important;background-size: cover !important;}&#8221;][vc_column][vc_single_image image=&#8221;1077&#8243; img_size=&#8221;full&#8221; alignment=&#8221;center&#8221; css=&#8221;&#8221;][\/vc_column][\/vc_row][vc_row css=&#8221;.vc_custom_1773712251431{margin-bottom: 20px !important;}&#8221;][vc_column][vc_column_text [&hellip;]<\/p>\n","protected":false},"author":1,"featured_media":121,"parent":0,"menu_order":0,"comment_status":"closed","ping_status":"closed","template":"","meta":{"site-sidebar-layout":"no-sidebar","site-content-layout":"plain-container","ast-site-content-layout":"default","site-content-style":"default","site-sidebar-style":"default","ast-global-header-display":"","ast-banner-title-visibility":"","ast-main-header-display":"","ast-hfb-above-header-display":"","ast-hfb-below-header-display":"","ast-hfb-mobile-header-display":"","site-post-title":"disabled","ast-breadcrumbs-content":"","ast-featured-img":"disabled","footer-sml-layout":"","ast-disable-related-posts":"","theme-transparent-header-meta":"default","adv-header-id-meta":"","stick-header-meta":"","header-above-stick-meta":"","header-main-stick-meta":"","header-below-stick-meta":"","astra-migrate-meta-layouts":"set","ast-page-background-enabled":"default","ast-page-background-meta":{"desktop":{"background-color":"var(--ast-global-color-5)","background-image":"","background-repeat":"repeat","background-position":"center center","background-size":"auto","background-attachment":"scroll","background-type":"","background-media":"","overlay-type":"","overlay-color":"","overlay-opacity":"","overlay-gradient":""},"tablet":{"background-color":"","background-image":"","background-repeat":"repeat","background-position":"center center","background-size":"auto","background-attachment":"scroll","background-type":"","background-media":"","overlay-type":"","overlay-color":"","overlay-opacity":"","overlay-gradient":""},"mobile":{"background-color":"","background-image":"","background-repeat":"repeat","background-position":"center center","background-size":"auto","background-attachment":"scroll","background-type":"","background-media":"","overlay-type":"","overlay-color":"","overlay-opacity":"","overlay-gradient":""}},"ast-content-background-meta":{"desktop":{"background-color":"var(--ast-global-color-4)","background-image":"","background-repeat":"repeat","background-position":"center center","background-size":"auto","background-attachment":"scroll","background-type":"","background-media":"","overlay-type":"","overlay-color":"","overlay-opacity":"","overlay-gradient":""},"tablet":{"background-color":"var(--ast-global-color-4)","background-image":"","background-repeat":"repeat","background-position":"center center","background-size":"auto","background-attachment":"scroll","background-type":"","background-media":"","overlay-type":"","overlay-color":"","overlay-opacity":"","overlay-gradient":""},"mobile":{"background-color":"var(--ast-global-color-4)","background-image":"","background-repeat":"repeat","background-position":"center center","background-size":"auto","background-attachment":"scroll","background-type":"","background-media":"","overlay-type":"","overlay-color":"","overlay-opacity":"","overlay-gradient":""}},"footnotes":""},"class_list":["post-960","page","type-page","status-publish","has-post-thumbnail","hentry"],"yoast_head":"<!-- This site is optimized with the Yoast SEO plugin v27.4 - https:\/\/yoast.com\/product\/yoast-seo-wordpress\/ -->\n<title>Acessibilidade &#8226; Festival da Juventude 2026<\/title>\n<meta name=\"description\" content=\"Confira as informa\u00e7\u00f5es de acessibilidade do FestJuv 2026 e prepare-se para viver essa experi\u00eancia com toda seguran\u00e7a e conforto.\" \/>\n<meta name=\"robots\" content=\"index, follow, max-snippet:-1, max-image-preview:large, max-video-preview:-1\" \/>\n<link rel=\"canonical\" href=\"https:\/\/festjuv.com.br\/2026\/acessibilidade\/\" \/>\n<meta property=\"og:locale\" content=\"pt_BR\" \/>\n<meta property=\"og:type\" content=\"article\" \/>\n<meta property=\"og:title\" content=\"Acessibilidade &#8226; Festival da Juventude 2026\" \/>\n<meta property=\"og:description\" content=\"Confira as informa\u00e7\u00f5es de acessibilidade do FestJuv 2026 e prepare-se para viver essa experi\u00eancia com toda seguran\u00e7a e conforto.\" \/>\n<meta property=\"og:url\" content=\"https:\/\/festjuv.com.br\/2026\/acessibilidade\/\" \/>\n<meta property=\"og:site_name\" content=\"Festival da Juventude 2026\" \/>\n<meta property=\"article:modified_time\" content=\"2026-03-19T16:04:47+00:00\" \/>\n<meta property=\"og:image\" content=\"https:\/\/festjuv.com.br\/2026\/wp-content\/uploads\/2026\/02\/festjuv26-img-destaque-v1.png\" \/>\n\t<meta property=\"og:image:width\" content=\"1280\" \/>\n\t<meta property=\"og:image:height\" content=\"853\" \/>\n\t<meta property=\"og:image:type\" content=\"image\/png\" \/>\n<meta name=\"twitter:card\" content=\"summary_large_image\" \/>\n<script type=\"application\/ld+json\" class=\"yoast-schema-graph\">{\"@context\":\"https:\\\/\\\/schema.org\",\"@graph\":[{\"@type\":\"WebPage\",\"@id\":\"https:\\\/\\\/festjuv.com.br\\\/2026\\\/acessibilidade\\\/\",\"url\":\"https:\\\/\\\/festjuv.com.br\\\/2026\\\/acessibilidade\\\/\",\"name\":\"Acessibilidade &#8226; Festival da Juventude 2026\",\"isPartOf\":{\"@id\":\"https:\\\/\\\/festjuv.com.br\\\/2026\\\/#website\"},\"primaryImageOfPage\":{\"@id\":\"https:\\\/\\\/festjuv.com.br\\\/2026\\\/acessibilidade\\\/#primaryimage\"},\"image\":{\"@id\":\"https:\\\/\\\/festjuv.com.br\\\/2026\\\/acessibilidade\\\/#primaryimage\"},\"thumbnailUrl\":\"https:\\\/\\\/festjuv.com.br\\\/2026\\\/wp-content\\\/uploads\\\/2026\\\/02\\\/festjuv26-img-destaque-v1.png\",\"datePublished\":\"2026-03-17T01:50:03+00:00\",\"dateModified\":\"2026-03-19T16:04:47+00:00\",\"description\":\"Confira as informa\u00e7\u00f5es de acessibilidade do FestJuv 2026 e prepare-se para viver essa experi\u00eancia com toda seguran\u00e7a e conforto.\",\"breadcrumb\":{\"@id\":\"https:\\\/\\\/festjuv.com.br\\\/2026\\\/acessibilidade\\\/#breadcrumb\"},\"inLanguage\":\"pt-BR\",\"potentialAction\":[{\"@type\":\"ReadAction\",\"target\":[\"https:\\\/\\\/festjuv.com.br\\\/2026\\\/acessibilidade\\\/\"]}]},{\"@type\":\"ImageObject\",\"inLanguage\":\"pt-BR\",\"@id\":\"https:\\\/\\\/festjuv.com.br\\\/2026\\\/acessibilidade\\\/#primaryimage\",\"url\":\"https:\\\/\\\/festjuv.com.br\\\/2026\\\/wp-content\\\/uploads\\\/2026\\\/02\\\/festjuv26-img-destaque-v1.png\",\"contentUrl\":\"https:\\\/\\\/festjuv.com.br\\\/2026\\\/wp-content\\\/uploads\\\/2026\\\/02\\\/festjuv26-img-destaque-v1.png\",\"width\":1280,\"height\":853,\"caption\":\"FestJuv 2026\"},{\"@type\":\"BreadcrumbList\",\"@id\":\"https:\\\/\\\/festjuv.com.br\\\/2026\\\/acessibilidade\\\/#breadcrumb\",\"itemListElement\":[{\"@type\":\"ListItem\",\"position\":1,\"name\":\"In\u00edcio\",\"item\":\"https:\\\/\\\/festjuv.com.br\\\/2026\\\/\"},{\"@type\":\"ListItem\",\"position\":2,\"name\":\"Acessibilidade\"}]},{\"@type\":\"WebSite\",\"@id\":\"https:\\\/\\\/festjuv.com.br\\\/2026\\\/#website\",\"url\":\"https:\\\/\\\/festjuv.com.br\\\/2026\\\/\",\"name\":\"Festival da Juventude 2026\",\"description\":\"Literatura, Livro e Leitura\",\"publisher\":{\"@id\":\"https:\\\/\\\/festjuv.com.br\\\/2026\\\/#organization\"},\"alternateName\":\"FestJuv 2026\",\"potentialAction\":[{\"@type\":\"SearchAction\",\"target\":{\"@type\":\"EntryPoint\",\"urlTemplate\":\"https:\\\/\\\/festjuv.com.br\\\/2026\\\/?s={search_term_string}\"},\"query-input\":{\"@type\":\"PropertyValueSpecification\",\"valueRequired\":true,\"valueName\":\"search_term_string\"}}],\"inLanguage\":\"pt-BR\"},{\"@type\":\"Organization\",\"@id\":\"https:\\\/\\\/festjuv.com.br\\\/2026\\\/#organization\",\"name\":\"Festival da Juventude 2026\",\"alternateName\":\"FestJuv 2026\",\"url\":\"https:\\\/\\\/festjuv.com.br\\\/2026\\\/\",\"logo\":{\"@type\":\"ImageObject\",\"inLanguage\":\"pt-BR\",\"@id\":\"https:\\\/\\\/festjuv.com.br\\\/2026\\\/#\\\/schema\\\/logo\\\/image\\\/\",\"url\":\"https:\\\/\\\/festjuv.com.br\\\/2026\\\/wp-content\\\/uploads\\\/2026\\\/02\\\/festjuv26-img-destaque-v1.png\",\"contentUrl\":\"https:\\\/\\\/festjuv.com.br\\\/2026\\\/wp-content\\\/uploads\\\/2026\\\/02\\\/festjuv26-img-destaque-v1.png\",\"width\":1280,\"height\":853,\"caption\":\"Festival da Juventude 2026\"},\"image\":{\"@id\":\"https:\\\/\\\/festjuv.com.br\\\/2026\\\/#\\\/schema\\\/logo\\\/image\\\/\"}}]}<\/script>\n<!-- \/ Yoast SEO plugin. -->","yoast_head_json":{"title":"Acessibilidade &#8226; Festival da Juventude 2026","description":"Confira as informa\u00e7\u00f5es de acessibilidade do FestJuv 2026 e prepare-se para viver essa experi\u00eancia com toda seguran\u00e7a e conforto.","robots":{"index":"index","follow":"follow","max-snippet":"max-snippet:-1","max-image-preview":"max-image-preview:large","max-video-preview":"max-video-preview:-1"},"canonical":"https:\/\/festjuv.com.br\/2026\/acessibilidade\/","og_locale":"pt_BR","og_type":"article","og_title":"Acessibilidade &#8226; Festival da Juventude 2026","og_description":"Confira as informa\u00e7\u00f5es de acessibilidade do FestJuv 2026 e prepare-se para viver essa experi\u00eancia com toda seguran\u00e7a e conforto.","og_url":"https:\/\/festjuv.com.br\/2026\/acessibilidade\/","og_site_name":"Festival da Juventude 2026","article_modified_time":"2026-03-19T16:04:47+00:00","og_image":[{"width":1280,"height":853,"url":"https:\/\/festjuv.com.br\/2026\/wp-content\/uploads\/2026\/02\/festjuv26-img-destaque-v1.png","type":"image\/png"}],"twitter_card":"summary_large_image","schema":{"@context":"https:\/\/schema.org","@graph":[{"@type":"WebPage","@id":"https:\/\/festjuv.com.br\/2026\/acessibilidade\/","url":"https:\/\/festjuv.com.br\/2026\/acessibilidade\/","name":"Acessibilidade &#8226; Festival da Juventude 2026","isPartOf":{"@id":"https:\/\/festjuv.com.br\/2026\/#website"},"primaryImageOfPage":{"@id":"https:\/\/festjuv.com.br\/2026\/acessibilidade\/#primaryimage"},"image":{"@id":"https:\/\/festjuv.com.br\/2026\/acessibilidade\/#primaryimage"},"thumbnailUrl":"https:\/\/festjuv.com.br\/2026\/wp-content\/uploads\/2026\/02\/festjuv26-img-destaque-v1.png","datePublished":"2026-03-17T01:50:03+00:00","dateModified":"2026-03-19T16:04:47+00:00","description":"Confira as informa\u00e7\u00f5es de acessibilidade do FestJuv 2026 e prepare-se para viver essa experi\u00eancia com toda seguran\u00e7a e conforto.","breadcrumb":{"@id":"https:\/\/festjuv.com.br\/2026\/acessibilidade\/#breadcrumb"},"inLanguage":"pt-BR","potentialAction":[{"@type":"ReadAction","target":["https:\/\/festjuv.com.br\/2026\/acessibilidade\/"]}]},{"@type":"ImageObject","inLanguage":"pt-BR","@id":"https:\/\/festjuv.com.br\/2026\/acessibilidade\/#primaryimage","url":"https:\/\/festjuv.com.br\/2026\/wp-content\/uploads\/2026\/02\/festjuv26-img-destaque-v1.png","contentUrl":"https:\/\/festjuv.com.br\/2026\/wp-content\/uploads\/2026\/02\/festjuv26-img-destaque-v1.png","width":1280,"height":853,"caption":"FestJuv 2026"},{"@type":"BreadcrumbList","@id":"https:\/\/festjuv.com.br\/2026\/acessibilidade\/#breadcrumb","itemListElement":[{"@type":"ListItem","position":1,"name":"In\u00edcio","item":"https:\/\/festjuv.com.br\/2026\/"},{"@type":"ListItem","position":2,"name":"Acessibilidade"}]},{"@type":"WebSite","@id":"https:\/\/festjuv.com.br\/2026\/#website","url":"https:\/\/festjuv.com.br\/2026\/","name":"Festival da Juventude 2026","description":"Literatura, Livro e Leitura","publisher":{"@id":"https:\/\/festjuv.com.br\/2026\/#organization"},"alternateName":"FestJuv 2026","potentialAction":[{"@type":"SearchAction","target":{"@type":"EntryPoint","urlTemplate":"https:\/\/festjuv.com.br\/2026\/?s={search_term_string}"},"query-input":{"@type":"PropertyValueSpecification","valueRequired":true,"valueName":"search_term_string"}}],"inLanguage":"pt-BR"},{"@type":"Organization","@id":"https:\/\/festjuv.com.br\/2026\/#organization","name":"Festival da Juventude 2026","alternateName":"FestJuv 2026","url":"https:\/\/festjuv.com.br\/2026\/","logo":{"@type":"ImageObject","inLanguage":"pt-BR","@id":"https:\/\/festjuv.com.br\/2026\/#\/schema\/logo\/image\/","url":"https:\/\/festjuv.com.br\/2026\/wp-content\/uploads\/2026\/02\/festjuv26-img-destaque-v1.png","contentUrl":"https:\/\/festjuv.com.br\/2026\/wp-content\/uploads\/2026\/02\/festjuv26-img-destaque-v1.png","width":1280,"height":853,"caption":"Festival da Juventude 2026"},"image":{"@id":"https:\/\/festjuv.com.br\/2026\/#\/schema\/logo\/image\/"}}]}},"_links":{"self":[{"href":"https:\/\/festjuv.com.br\/2026\/wp-json\/wp\/v2\/pages\/960","targetHints":{"allow":["GET"]}}],"collection":[{"href":"https:\/\/festjuv.com.br\/2026\/wp-json\/wp\/v2\/pages"}],"about":[{"href":"https:\/\/festjuv.com.br\/2026\/wp-json\/wp\/v2\/types\/page"}],"author":[{"embeddable":true,"href":"https:\/\/festjuv.com.br\/2026\/wp-json\/wp\/v2\/users\/1"}],"replies":[{"embeddable":true,"href":"https:\/\/festjuv.com.br\/2026\/wp-json\/wp\/v2\/comments?post=960"}],"version-history":[{"count":7,"href":"https:\/\/festjuv.com.br\/2026\/wp-json\/wp\/v2\/pages\/960\/revisions"}],"predecessor-version":[{"id":1111,"href":"https:\/\/festjuv.com.br\/2026\/wp-json\/wp\/v2\/pages\/960\/revisions\/1111"}],"wp:featuredmedia":[{"embeddable":true,"href":"https:\/\/festjuv.com.br\/2026\/wp-json\/wp\/v2\/media\/121"}],"wp:attachment":[{"href":"https:\/\/festjuv.com.br\/2026\/wp-json\/wp\/v2\/media?parent=960"}],"curies":[{"name":"wp","href":"https:\/\/api.w.org\/{rel}","templated":true}]}}