{"id":982,"date":"2026-03-16T22:57:09","date_gmt":"2026-03-17T02:57:09","guid":{"rendered":"https:\/\/festjuv.com.br\/2026\/?page_id=982"},"modified":"2026-04-10T11:21:08","modified_gmt":"2026-04-10T15:21:08","slug":"ficha-tecnica","status":"publish","type":"page","link":"https:\/\/festjuv.com.br\/2026\/ficha-tecnica\/","title":{"rendered":"Ficha T\u00e9cnica"},"content":{"rendered":"<div class=\"wpb-content-wrapper\"><p>[vc_row full_width=&#8221;stretch_row&#8221; gap=&#8221;10&#8243; content_placement=&#8221;middle&#8221; css=&#8221;.vc_custom_1773936307125{background-image: url(https:\/\/festjuv.com.br\/2026\/wp-content\/uploads\/2026\/03\/festjuv26-bg-parede-rosa-v1.webp?id=738) !important;background-position: center !important;background-repeat: no-repeat !important;background-size: cover !important;}&#8221;][vc_column][vc_single_image image=&#8221;1081&#8243; img_size=&#8221;full&#8221; alignment=&#8221;center&#8221; css=&#8221;&#8221;][\/vc_column][\/vc_row][vc_row gap=&#8221;10&#8243; content_placement=&#8221;middle&#8221; css=&#8221;.vc_custom_1774402709177{margin-bottom: 50px !important;}&#8221;][vc_column width=&#8221;1\/3&#8243;][vc_column_text css=&#8221;.vc_custom_1774402655344{margin-bottom: 0px !important;}&#8221;]Coordena\u00e7\u00e3o-Geral\/Coordena\u00e7\u00e3o de Concursos<br \/>\n<strong>Andr\u00e9a Freire<\/strong><\/p>\n<p>Coordena\u00e7\u00e3o Log\u00edstica<br \/>\n<strong>Gustavo Castelo (Cegonha)<\/strong><\/p>\n<p>Coordena\u00e7\u00e3o de Produ\u00e7\u00e3o\/Produ\u00e7\u00e3o Executiva<br \/>\n<strong>Belchior Cabral<\/strong><\/p>\n<p>Assessoria de Imprensa<br \/>\n<strong>Arruda Comunica\u00e7\u00e3o<\/strong><\/p>\n<p>Gest\u00e3o de Redes Sociais<br \/>\n<strong>Fl\u00e1via Freire Assessoria de Comunica\u00e7\u00e3o<\/strong><\/p>\n<p>Designer Gr\u00e1fico e Webdesigner<br \/>\n<strong>Sandro Carvalho<\/strong><\/p>\n<p>Website<br \/>\n<strong>\u00c9der F. Yanaguita<\/strong>[\/vc_column_text][\/vc_column][vc_column width=&#8221;1\/3&#8243;][vc_column_text css=&#8221;.vc_custom_1775834463972{margin-bottom: 0px !important;}&#8221;]Registro Fotogr\u00e1fico<br \/>\n<strong>Martim Haefliger<br \/>\nAzul Celeste<\/strong><\/p>\n<p>Registro Audiovisual<br \/>\n<strong>Vaca Azul<\/strong><\/p>\n<p>Produ\u00e7\u00e3o<br \/>\n<strong>Sophia Goulart, <\/strong><strong>Alessandra Braga, <\/strong><strong>Carol D\u00f3ria, <\/strong><strong>Juliana Almeida, <\/strong><strong>Guta Lima, <\/strong><strong>Otiniel Rodrigues Silva, <\/strong><strong>Douglas Luiz Mochinski, <\/strong><strong>Paulo Augusto Fernandes, <\/strong><strong>Anamaria Santana da Silva, <\/strong><strong>Concei\u00e7\u00e3o Leite, <\/strong><strong>Dilson Mitilino, <\/strong><strong>Mavi Medeiros, <\/strong><strong>Ari Rodrigues Silva, <\/strong><strong>Elcio Rodrigues Silva e <\/strong><strong>Valfran Leite<\/strong><\/p>\n<p>Monitor de Acessibilidade<br \/>\n<strong>Cl\u00e1udio Vasques<\/strong><\/p>\n<p>Administra\u00e7\u00e3o Financeira<br \/>\n<strong>Anamaria Santana da Silva, <\/strong><strong>Alessandra Braga e <\/strong><strong>Vin\u00edcius Domingues<\/strong>[\/vc_column_text][\/vc_column][vc_column width=&#8221;1\/3&#8243;][vc_column_text css=&#8221;.vc_custom_1774402662544{margin-bottom: 0px !important;}&#8221;]Curadoria<br \/>\n<strong>Febraro de Oliveira e <\/strong><strong>Andr\u00e9a Freire<\/strong><\/p>\n<p>Apresentadoras e Apresentador<br \/>\n<strong>Marta Cel, <\/strong><strong>Giulia Schroder, <\/strong><strong>Pers\u00e9fone MC e <\/strong><strong>Marcelo Henrique<\/strong><\/p>\n<p>MEMBROS DO J\u00daRI<\/p>\n<p>Concursos Liter\u00e1rios: Conto, Cr\u00f4nica e Poesia<br \/>\n<strong>Sylvia Cesco, <\/strong><strong>Lucilene Machado e <\/strong><strong>Alessandra Coelho<\/strong><\/p>\n<p>Concurso Cinematogr\u00e1fico: 1 Minuto de Cinema Inspirado na Literatura<br \/>\n<strong>Marcos Pierry<\/strong><\/p>\n<p>Concurso de Batalha de Rima<br \/>\n<strong>MC Miliano e <\/strong><strong>Vit\u00f3ria Ferreira<\/strong>[\/vc_column_text][\/vc_column][\/vc_row][vc_row full_width=&#8221;stretch_row&#8221; gap=&#8221;10&#8243; content_placement=&#8221;middle&#8221;][vc_column][vc_column_text css=&#8221;.vc_custom_1773716452206{margin-bottom: 30px !important;}&#8221;]<\/p>\n<h1 style=\"text-align: center;\">REALIZA\u00c7\u00c3O<\/h1>\n<p>[\/vc_column_text][\/vc_column][\/vc_row][vc_row gap=&#8221;10&#8243; content_placement=&#8221;middle&#8221; css=&#8221;.vc_custom_1774402714674{margin-bottom: 50px !important;}&#8221;][vc_column width=&#8221;1\/3&#8243;][vc_column_text css=&#8221;.vc_custom_1774402673371{margin-bottom: 0px !important;}&#8221;]<strong>Instituto Curumins<\/strong><br \/>\nPresidente: <strong>Anamaria Santana da Silva<\/strong><br \/>\nVice-Presidente: <strong>Concei\u00e7\u00e3o Leite<\/strong><br \/>\nSecret\u00e1rio-Geral: <strong>Dilson de Souza<\/strong><br \/>\nDiretora-Financeira: <strong>Alessandra Braga<\/strong>[\/vc_column_text][\/vc_column][vc_column width=&#8221;1\/3&#8243;][vc_column_text css=&#8221;.vc_custom_1774402676896{margin-bottom: 0px !important;}&#8221;]<strong>Universidade Federal de Mato Grosso do Sul (UFMS)<\/strong><br \/>\nReitora: <strong>Camila Celeste Brand\u00e3o Ferreira \u00cdtavo<\/strong><br \/>\nVice-Reitor: <strong>Albert Schiaveto de Souza<\/strong><br \/>\nPr\u00f3-Reitora de Extens\u00e3o, Cultura e Esporte: <strong>Lia Raquel Toledo Brambilla Gasques<\/strong><br \/>\nDiretora de Populariza\u00e7\u00e3o da Ci\u00eancia: <strong>Patr\u00edcia Mescolotti<\/strong>[\/vc_column_text][\/vc_column][vc_column width=&#8221;1\/3&#8243;][vc_column_text css=&#8221;.vc_custom_1774402680296{margin-bottom: 0px !important;}&#8221;]Pr\u00f3-Reitor de Administra\u00e7\u00e3o e de Infraestrutura: <strong>H\u00e9rcules da Costa Sandim<\/strong><br \/>\nDiretora da Ag\u00eancia de Comunica\u00e7\u00e3o Social e Cient\u00edfica: <strong>Rose Mara Pinheiro<\/strong><br \/>\nDiretora de Cultura e Arte: <strong>Rozana Valentim<\/strong><br \/>\nDiretora de Gabinete da Reitoria: <strong>Vanessa Teodoro<\/strong>[\/vc_column_text][\/vc_column][\/vc_row][vc_row gap=&#8221;10&#8243; el_id=&#8221;logos-mobile&#8221;][vc_column offset=&#8221;vc_hidden-lg vc_hidden-md vc_hidden-sm&#8221;][vc_single_image image=&#8221;1229&#8243; img_size=&#8221;full&#8221; alignment=&#8221;center&#8221; css=&#8221;&#8221;][\/vc_column][\/vc_row][vc_row gap=&#8221;10&#8243; el_id=&#8221;logos-desktop&#8221;][vc_column offset=&#8221;vc_hidden-xs&#8221;][vc_single_image image=&#8221;1230&#8243; img_size=&#8221;full&#8221; alignment=&#8221;center&#8221; css=&#8221;.vc_custom_1774483378193{margin-bottom: 50px !important;}&#8221;][\/vc_column][\/vc_row]<\/p>\n<\/div>","protected":false},"excerpt":{"rendered":"<p>[vc_row full_width=&#8221;stretch_row&#8221; gap=&#8221;10&#8243; content_placement=&#8221;middle&#8221; css=&#8221;.vc_custom_1773936307125{background-image: url(https:\/\/festjuv.com.br\/2026\/wp-content\/uploads\/2026\/03\/festjuv26-bg-parede-rosa-v1.webp?id=738) !important;background-position: center !important;background-repeat: no-repeat !important;background-size: cover !important;}&#8221;][vc_column][vc_single_image image=&#8221;1081&#8243; img_size=&#8221;full&#8221; alignment=&#8221;center&#8221; css=&#8221;&#8221;][\/vc_column][\/vc_row][vc_row gap=&#8221;10&#8243; content_placement=&#8221;middle&#8221; css=&#8221;.vc_custom_1774402709177{margin-bottom: [&hellip;]<\/p>\n","protected":false},"author":1,"featured_media":121,"parent":0,"menu_order":0,"comment_status":"closed","ping_status":"closed","template":"","meta":{"site-sidebar-layout":"no-sidebar","site-content-layout":"plain-container","ast-site-content-layout":"default","site-content-style":"default","site-sidebar-style":"default","ast-global-header-display":"","ast-banner-title-visibility":"","ast-main-header-display":"","ast-hfb-above-header-display":"","ast-hfb-below-header-display":"","ast-hfb-mobile-header-display":"","site-post-title":"disabled","ast-breadcrumbs-content":"","ast-featured-img":"disabled","footer-sml-layout":"","ast-disable-related-posts":"","theme-transparent-header-meta":"default","adv-header-id-meta":"","stick-header-meta":"","header-above-stick-meta":"","header-main-stick-meta":"","header-below-stick-meta":"","astra-migrate-meta-layouts":"set","ast-page-background-enabled":"default","ast-page-background-meta":{"desktop":{"background-color":"var(--ast-global-color-5)","background-image":"","background-repeat":"repeat","background-position":"center center","background-size":"auto","background-attachment":"scroll","background-type":"","background-media":"","overlay-type":"","overlay-color":"","overlay-opacity":"","overlay-gradient":""},"tablet":{"background-color":"","background-image":"","background-repeat":"repeat","background-position":"center center","background-size":"auto","background-attachment":"scroll","background-type":"","background-media":"","overlay-type":"","overlay-color":"","overlay-opacity":"","overlay-gradient":""},"mobile":{"background-color":"","background-image":"","background-repeat":"repeat","background-position":"center center","background-size":"auto","background-attachment":"scroll","background-type":"","background-media":"","overlay-type":"","overlay-color":"","overlay-opacity":"","overlay-gradient":""}},"ast-content-background-meta":{"desktop":{"background-color":"var(--ast-global-color-4)","background-image":"","background-repeat":"repeat","background-position":"center center","background-size":"auto","background-attachment":"scroll","background-type":"","background-media":"","overlay-type":"","overlay-color":"","overlay-opacity":"","overlay-gradient":""},"tablet":{"background-color":"var(--ast-global-color-4)","background-image":"","background-repeat":"repeat","background-position":"center center","background-size":"auto","background-attachment":"scroll","background-type":"","background-media":"","overlay-type":"","overlay-color":"","overlay-opacity":"","overlay-gradient":""},"mobile":{"background-color":"var(--ast-global-color-4)","background-image":"","background-repeat":"repeat","background-position":"center center","background-size":"auto","background-attachment":"scroll","background-type":"","background-media":"","overlay-type":"","overlay-color":"","overlay-opacity":"","overlay-gradient":""}},"footnotes":""},"class_list":["post-982","page","type-page","status-publish","has-post-thumbnail","hentry"],"yoast_head":"<!-- This site is optimized with the Yoast SEO plugin v27.4 - https:\/\/yoast.com\/product\/yoast-seo-wordpress\/ -->\n<title>Ficha T\u00e9cnica &#8226; Festival da Juventude 2026<\/title>\n<meta name=\"description\" content=\"Conhe\u00e7a os realizadores e a equipe envolvida na enorme produ\u00e7\u00e3o da edi\u00e7\u00e3o de 2026 do Festival da Juventude (FestJuv).\" \/>\n<meta name=\"robots\" content=\"index, follow, max-snippet:-1, max-image-preview:large, max-video-preview:-1\" \/>\n<link rel=\"canonical\" href=\"https:\/\/festjuv.com.br\/2026\/ficha-tecnica\/\" \/>\n<meta property=\"og:locale\" content=\"pt_BR\" \/>\n<meta property=\"og:type\" content=\"article\" \/>\n<meta property=\"og:title\" content=\"Ficha T\u00e9cnica &#8226; Festival da Juventude 2026\" \/>\n<meta property=\"og:description\" content=\"Conhe\u00e7a os realizadores e a equipe envolvida na enorme produ\u00e7\u00e3o da edi\u00e7\u00e3o de 2026 do Festival da Juventude (FestJuv).\" \/>\n<meta property=\"og:url\" content=\"https:\/\/festjuv.com.br\/2026\/ficha-tecnica\/\" \/>\n<meta property=\"og:site_name\" content=\"Festival da Juventude 2026\" \/>\n<meta property=\"article:modified_time\" content=\"2026-04-10T15:21:08+00:00\" \/>\n<meta property=\"og:image\" content=\"https:\/\/festjuv.com.br\/2026\/wp-content\/uploads\/2026\/02\/festjuv26-img-destaque-v1.png\" \/>\n\t<meta property=\"og:image:width\" content=\"1280\" \/>\n\t<meta property=\"og:image:height\" content=\"853\" \/>\n\t<meta property=\"og:image:type\" content=\"image\/png\" \/>\n<meta name=\"twitter:card\" content=\"summary_large_image\" \/>\n<script type=\"application\/ld+json\" class=\"yoast-schema-graph\">{\"@context\":\"https:\\\/\\\/schema.org\",\"@graph\":[{\"@type\":\"WebPage\",\"@id\":\"https:\\\/\\\/festjuv.com.br\\\/2026\\\/ficha-tecnica\\\/\",\"url\":\"https:\\\/\\\/festjuv.com.br\\\/2026\\\/ficha-tecnica\\\/\",\"name\":\"Ficha T\u00e9cnica &#8226; Festival da Juventude 2026\",\"isPartOf\":{\"@id\":\"https:\\\/\\\/festjuv.com.br\\\/2026\\\/#website\"},\"primaryImageOfPage\":{\"@id\":\"https:\\\/\\\/festjuv.com.br\\\/2026\\\/ficha-tecnica\\\/#primaryimage\"},\"image\":{\"@id\":\"https:\\\/\\\/festjuv.com.br\\\/2026\\\/ficha-tecnica\\\/#primaryimage\"},\"thumbnailUrl\":\"https:\\\/\\\/festjuv.com.br\\\/2026\\\/wp-content\\\/uploads\\\/2026\\\/02\\\/festjuv26-img-destaque-v1.png\",\"datePublished\":\"2026-03-17T02:57:09+00:00\",\"dateModified\":\"2026-04-10T15:21:08+00:00\",\"description\":\"Conhe\u00e7a os realizadores e a equipe envolvida na enorme produ\u00e7\u00e3o da edi\u00e7\u00e3o de 2026 do Festival da Juventude (FestJuv).\",\"breadcrumb\":{\"@id\":\"https:\\\/\\\/festjuv.com.br\\\/2026\\\/ficha-tecnica\\\/#breadcrumb\"},\"inLanguage\":\"pt-BR\",\"potentialAction\":[{\"@type\":\"ReadAction\",\"target\":[\"https:\\\/\\\/festjuv.com.br\\\/2026\\\/ficha-tecnica\\\/\"]}]},{\"@type\":\"ImageObject\",\"inLanguage\":\"pt-BR\",\"@id\":\"https:\\\/\\\/festjuv.com.br\\\/2026\\\/ficha-tecnica\\\/#primaryimage\",\"url\":\"https:\\\/\\\/festjuv.com.br\\\/2026\\\/wp-content\\\/uploads\\\/2026\\\/02\\\/festjuv26-img-destaque-v1.png\",\"contentUrl\":\"https:\\\/\\\/festjuv.com.br\\\/2026\\\/wp-content\\\/uploads\\\/2026\\\/02\\\/festjuv26-img-destaque-v1.png\",\"width\":1280,\"height\":853,\"caption\":\"FestJuv 2026\"},{\"@type\":\"BreadcrumbList\",\"@id\":\"https:\\\/\\\/festjuv.com.br\\\/2026\\\/ficha-tecnica\\\/#breadcrumb\",\"itemListElement\":[{\"@type\":\"ListItem\",\"position\":1,\"name\":\"In\u00edcio\",\"item\":\"https:\\\/\\\/festjuv.com.br\\\/2026\\\/\"},{\"@type\":\"ListItem\",\"position\":2,\"name\":\"Ficha T\u00e9cnica\"}]},{\"@type\":\"WebSite\",\"@id\":\"https:\\\/\\\/festjuv.com.br\\\/2026\\\/#website\",\"url\":\"https:\\\/\\\/festjuv.com.br\\\/2026\\\/\",\"name\":\"Festival da Juventude 2026\",\"description\":\"Literatura, Livro e Leitura\",\"publisher\":{\"@id\":\"https:\\\/\\\/festjuv.com.br\\\/2026\\\/#organization\"},\"alternateName\":\"FestJuv 2026\",\"potentialAction\":[{\"@type\":\"SearchAction\",\"target\":{\"@type\":\"EntryPoint\",\"urlTemplate\":\"https:\\\/\\\/festjuv.com.br\\\/2026\\\/?s={search_term_string}\"},\"query-input\":{\"@type\":\"PropertyValueSpecification\",\"valueRequired\":true,\"valueName\":\"search_term_string\"}}],\"inLanguage\":\"pt-BR\"},{\"@type\":\"Organization\",\"@id\":\"https:\\\/\\\/festjuv.com.br\\\/2026\\\/#organization\",\"name\":\"Festival da Juventude 2026\",\"alternateName\":\"FestJuv 2026\",\"url\":\"https:\\\/\\\/festjuv.com.br\\\/2026\\\/\",\"logo\":{\"@type\":\"ImageObject\",\"inLanguage\":\"pt-BR\",\"@id\":\"https:\\\/\\\/festjuv.com.br\\\/2026\\\/#\\\/schema\\\/logo\\\/image\\\/\",\"url\":\"https:\\\/\\\/festjuv.com.br\\\/2026\\\/wp-content\\\/uploads\\\/2026\\\/02\\\/festjuv26-img-destaque-v1.png\",\"contentUrl\":\"https:\\\/\\\/festjuv.com.br\\\/2026\\\/wp-content\\\/uploads\\\/2026\\\/02\\\/festjuv26-img-destaque-v1.png\",\"width\":1280,\"height\":853,\"caption\":\"Festival da Juventude 2026\"},\"image\":{\"@id\":\"https:\\\/\\\/festjuv.com.br\\\/2026\\\/#\\\/schema\\\/logo\\\/image\\\/\"}}]}<\/script>\n<!-- \/ Yoast SEO plugin. -->","yoast_head_json":{"title":"Ficha T\u00e9cnica &#8226; Festival da Juventude 2026","description":"Conhe\u00e7a os realizadores e a equipe envolvida na enorme produ\u00e7\u00e3o da edi\u00e7\u00e3o de 2026 do Festival da Juventude (FestJuv).","robots":{"index":"index","follow":"follow","max-snippet":"max-snippet:-1","max-image-preview":"max-image-preview:large","max-video-preview":"max-video-preview:-1"},"canonical":"https:\/\/festjuv.com.br\/2026\/ficha-tecnica\/","og_locale":"pt_BR","og_type":"article","og_title":"Ficha T\u00e9cnica &#8226; Festival da Juventude 2026","og_description":"Conhe\u00e7a os realizadores e a equipe envolvida na enorme produ\u00e7\u00e3o da edi\u00e7\u00e3o de 2026 do Festival da Juventude (FestJuv).","og_url":"https:\/\/festjuv.com.br\/2026\/ficha-tecnica\/","og_site_name":"Festival da Juventude 2026","article_modified_time":"2026-04-10T15:21:08+00:00","og_image":[{"width":1280,"height":853,"url":"https:\/\/festjuv.com.br\/2026\/wp-content\/uploads\/2026\/02\/festjuv26-img-destaque-v1.png","type":"image\/png"}],"twitter_card":"summary_large_image","schema":{"@context":"https:\/\/schema.org","@graph":[{"@type":"WebPage","@id":"https:\/\/festjuv.com.br\/2026\/ficha-tecnica\/","url":"https:\/\/festjuv.com.br\/2026\/ficha-tecnica\/","name":"Ficha T\u00e9cnica &#8226; Festival da Juventude 2026","isPartOf":{"@id":"https:\/\/festjuv.com.br\/2026\/#website"},"primaryImageOfPage":{"@id":"https:\/\/festjuv.com.br\/2026\/ficha-tecnica\/#primaryimage"},"image":{"@id":"https:\/\/festjuv.com.br\/2026\/ficha-tecnica\/#primaryimage"},"thumbnailUrl":"https:\/\/festjuv.com.br\/2026\/wp-content\/uploads\/2026\/02\/festjuv26-img-destaque-v1.png","datePublished":"2026-03-17T02:57:09+00:00","dateModified":"2026-04-10T15:21:08+00:00","description":"Conhe\u00e7a os realizadores e a equipe envolvida na enorme produ\u00e7\u00e3o da edi\u00e7\u00e3o de 2026 do Festival da Juventude (FestJuv).","breadcrumb":{"@id":"https:\/\/festjuv.com.br\/2026\/ficha-tecnica\/#breadcrumb"},"inLanguage":"pt-BR","potentialAction":[{"@type":"ReadAction","target":["https:\/\/festjuv.com.br\/2026\/ficha-tecnica\/"]}]},{"@type":"ImageObject","inLanguage":"pt-BR","@id":"https:\/\/festjuv.com.br\/2026\/ficha-tecnica\/#primaryimage","url":"https:\/\/festjuv.com.br\/2026\/wp-content\/uploads\/2026\/02\/festjuv26-img-destaque-v1.png","contentUrl":"https:\/\/festjuv.com.br\/2026\/wp-content\/uploads\/2026\/02\/festjuv26-img-destaque-v1.png","width":1280,"height":853,"caption":"FestJuv 2026"},{"@type":"BreadcrumbList","@id":"https:\/\/festjuv.com.br\/2026\/ficha-tecnica\/#breadcrumb","itemListElement":[{"@type":"ListItem","position":1,"name":"In\u00edcio","item":"https:\/\/festjuv.com.br\/2026\/"},{"@type":"ListItem","position":2,"name":"Ficha T\u00e9cnica"}]},{"@type":"WebSite","@id":"https:\/\/festjuv.com.br\/2026\/#website","url":"https:\/\/festjuv.com.br\/2026\/","name":"Festival da Juventude 2026","description":"Literatura, Livro e Leitura","publisher":{"@id":"https:\/\/festjuv.com.br\/2026\/#organization"},"alternateName":"FestJuv 2026","potentialAction":[{"@type":"SearchAction","target":{"@type":"EntryPoint","urlTemplate":"https:\/\/festjuv.com.br\/2026\/?s={search_term_string}"},"query-input":{"@type":"PropertyValueSpecification","valueRequired":true,"valueName":"search_term_string"}}],"inLanguage":"pt-BR"},{"@type":"Organization","@id":"https:\/\/festjuv.com.br\/2026\/#organization","name":"Festival da Juventude 2026","alternateName":"FestJuv 2026","url":"https:\/\/festjuv.com.br\/2026\/","logo":{"@type":"ImageObject","inLanguage":"pt-BR","@id":"https:\/\/festjuv.com.br\/2026\/#\/schema\/logo\/image\/","url":"https:\/\/festjuv.com.br\/2026\/wp-content\/uploads\/2026\/02\/festjuv26-img-destaque-v1.png","contentUrl":"https:\/\/festjuv.com.br\/2026\/wp-content\/uploads\/2026\/02\/festjuv26-img-destaque-v1.png","width":1280,"height":853,"caption":"Festival da Juventude 2026"},"image":{"@id":"https:\/\/festjuv.com.br\/2026\/#\/schema\/logo\/image\/"}}]}},"_links":{"self":[{"href":"https:\/\/festjuv.com.br\/2026\/wp-json\/wp\/v2\/pages\/982","targetHints":{"allow":["GET"]}}],"collection":[{"href":"https:\/\/festjuv.com.br\/2026\/wp-json\/wp\/v2\/pages"}],"about":[{"href":"https:\/\/festjuv.com.br\/2026\/wp-json\/wp\/v2\/types\/page"}],"author":[{"embeddable":true,"href":"https:\/\/festjuv.com.br\/2026\/wp-json\/wp\/v2\/users\/1"}],"replies":[{"embeddable":true,"href":"https:\/\/festjuv.com.br\/2026\/wp-json\/wp\/v2\/comments?post=982"}],"version-history":[{"count":17,"href":"https:\/\/festjuv.com.br\/2026\/wp-json\/wp\/v2\/pages\/982\/revisions"}],"predecessor-version":[{"id":1634,"href":"https:\/\/festjuv.com.br\/2026\/wp-json\/wp\/v2\/pages\/982\/revisions\/1634"}],"wp:featuredmedia":[{"embeddable":true,"href":"https:\/\/festjuv.com.br\/2026\/wp-json\/wp\/v2\/media\/121"}],"wp:attachment":[{"href":"https:\/\/festjuv.com.br\/2026\/wp-json\/wp\/v2\/media?parent=982"}],"curies":[{"name":"wp","href":"https:\/\/api.w.org\/{rel}","templated":true}]}}